{"id":11,"date":"2020-05-03T19:24:13","date_gmt":"2020-05-03T17:24:13","guid":{"rendered":"https:\/\/www.fitness-factory-pforzheim.de\/?page_id=11"},"modified":"2025-04-05T02:59:22","modified_gmt":"2025-04-05T00:59:22","slug":"impressum","status":"publish","type":"page","link":"https:\/\/www.fitness-factory-pforzheim.de\/en\/impressum\/","title":{"rendered":"Impressum"},"content":{"rendered":"<div data-elementor-type=\"wp-page\" data-elementor-id=\"11\" class=\"elementor elementor-11\" data-elementor-post-type=\"page\">\n\t\t\t\t\t\t<section data-particle_enable=\"false\" data-particle-mobile-disabled=\"false\" class=\"elementor-section elementor-top-section elementor-element elementor-element-7ecdabe elementor-section-boxed elementor-section-height-default elementor-section-height-default\" data-id=\"7ecdabe\" data-element_type=\"section\" data-e-type=\"section\" data-settings=\"{&quot;jet_parallax_layout_list&quot;:[]}\">\n\t\t\t\t\t\t<div class=\"elementor-container elementor-column-gap-default\">\n\t\t\t\t\t<div class=\"elementor-column elementor-col-100 elementor-top-column elementor-element elementor-element-06e2a4d\" data-id=\"06e2a4d\" data-element_type=\"column\" data-e-type=\"column\">\n\t\t\t<div class=\"elementor-widget-wrap elementor-element-populated\">\n\t\t\t\t\t\t<div class=\"elementor-element elementor-element-5bf5886 elementor-widget elementor-widget-erecht24\" data-id=\"5bf5886\" data-element_type=\"widget\" data-e-type=\"widget\" data-widget_type=\"erecht24.default\">\n\t\t\t\t<div class=\"elementor-widget-container\">\n\t\t\t\t\t<div class=\"erecht24-elementor-widget\"><div style=\"word-wrap: break-word;\"><h1>Impressum<\/h1>\n\n<p>Daniel M&uuml;nchinger<br \/>\nFitness Factory Pforzheim<br \/>\nFreiburgerstra&szlig;e 7<br \/>\n75179 Pforzheim<\/p>\n\n<h2>Kontakt<\/h2>\n<p>Telefon: 0723133310<br \/>\nE-Mail: info@fitness-factory-pforzheim.de<\/p>\n\n<h2>Angaben zur Berufs&shy;haftpflicht&shy;versicherung<\/h2>\n<p><strong>Name und Sitz des Versicherers:<\/strong><br \/>\nGothaer Allgemeine Versicherung AG<br \/>\r\nGothaer Allee 1, 50969 K&ouml;ln (Hausanschrift)<\/p>\n<p><strong>Geltungsraum der Versicherung:<\/strong><br \/>Deutschland<\/p>\n\n<h2>Redaktionell verantwortlich<\/h2>\n<p>Daniel M&uuml;nchinger<br \/>\r\nFitness Factory Pforzheim<br \/>\r\nFreiburgerstra&szlig;e 7<br \/>\r\n75179 Pforzheim<\/p>\n\n<h2>Verbraucher&shy;streit&shy;beilegung\/Universal&shy;schlichtungs&shy;stelle<\/h2>\n<p>Wir sind nicht bereit oder verpflichtet, an Streitbeilegungsverfahren vor einer Verbraucherschlichtungsstelle teilzunehmen.<\/p><\/div><\/div>\t\t\t\t<\/div>\n\t\t\t\t<\/div>\n\t\t\t\t<div class=\"elementor-element elementor-element-0a1f2b5 elementor-widget elementor-widget-html\" data-id=\"0a1f2b5\" data-element_type=\"widget\" data-e-type=\"widget\" data-widget_type=\"html.default\">\n\t\t\t\t<div class=\"elementor-widget-container\">\n\t\t\t\t\t<h3>Haftung f\u00fcr Inhalte<\/h3>\n<p>Als Diensteanbieter sind wir gem\u00e4\u00df \u00a7 7 Abs. 1 DDG (Digitale-Dienste-Gesetz) f\u00fcr eigene Inhalte auf diesen Seiten nach den allgemeinen Gesetzen verantwortlich. Nach den \u00a7\u00a7 8 bis 10 DDG sind wir als Diensteanbieter jedoch nicht verpflichtet, \u00fcbermittelte oder gespeicherte fremde Informationen zu \u00fcberwachen oder nach Umst\u00e4nden zu forschen, die auf eine rechtswidrige T\u00e4tigkeit hinweisen.<\/p>\n<p>Verpflichtungen zur Entfernung oder Sperrung der Nutzung von Informationen nach den allgemeinen Gesetzen bleiben hiervon unber\u00fchrt. Eine diesbez\u00fcgliche Haftung ist jedoch erst ab dem Zeitpunkt der Kenntnis einer konkreten Rechtsverletzung m\u00f6glich. Bei Bekanntwerden von entsprechenden Rechtsverletzungen werden wir diese Inhalte umgehend entfernen.<\/p>\n\n<h3>Haftung f\u00fcr Links<\/h3>\n<p>Unser Angebot enth\u00e4lt Links zu externen Webseiten Dritter, auf deren Inhalte wir keinen Einfluss haben. Deshalb k\u00f6nnen wir f\u00fcr diese fremden Inhalte auch keine Gew\u00e4hr \u00fcbernehmen. F\u00fcr die Inhalte der verlinkten Seiten ist stets der jeweilige Anbieter oder Betreiber der Seiten verantwortlich. Die verlinkten Seiten wurden zum Zeitpunkt der Verlinkung auf m\u00f6gliche Rechtsverst\u00f6\u00dfe \u00fcberpr\u00fcft. Rechtswidrige Inhalte waren zum Zeitpunkt der Verlinkung nicht erkennbar.<\/p>\n<p>Eine permanente inhaltliche Kontrolle der verlinkten Seiten ist jedoch ohne konkrete Anhaltspunkte einer Rechtsverletzung nicht zumutbar. Bei Bekanntwerden von Rechtsverletzungen werden wir derartige Links umgehend entfernen.<\/p>\n\n<h3>Urheberrecht &amp; Nutzungsrechte<\/h3>\n<p>Die durch <strong>Marketing-Brand\u00ae | Leon H\u00fcttl, Maximilianstra\u00dfe 46, 75172 Pforzheim<\/strong> erstellten Inhalte, Designs und technischen Umsetzungen dieser Webseite unterliegen dem deutschen Urheberrecht. Sofern nicht ausdr\u00fccklich anders vereinbart, verbleiben alle Urheberrechte an individuell erstellten Layouts, Texten, Programmierungen und sonstigen kreativen Leistungen bei der Agentur.<\/p>\n<p>Dem Seitenbetreiber wurde im Rahmen der Zusammenarbeit ein einfaches, nicht ausschlie\u00dfliches und nicht \u00fcbertragbares Nutzungsrecht zur Verwendung der Webseite f\u00fcr eigene Zwecke einger\u00e4umt. Weitere Nutzungen \u2013 insbesondere eine Bearbeitung oder Weitergabe an Dritte \u2013 bed\u00fcrfen einer gesonderten Vereinbarung mit Marketing-Brand\u00ae.<\/p>\n<p>Soweit Inhalte auf dieser Seite nicht von uns erstellt wurden, werden die Urheberrechte Dritter beachtet. Insbesondere werden Inhalte Dritter als solche gekennzeichnet. Solltest du trotzdem auf eine Urheberrechtsverletzung aufmerksam werden, bitten wir um einen entsprechenden Hinweis. Bei Bekanntwerden von Rechtsverletzungen werden wir derartige Inhalte umgehend entfernen.<\/p>\n\n<p><strong>Stand:<\/strong> M\u00e4rz 2025<\/p>\n\t\t\t\t<\/div>\n\t\t\t\t<\/div>\n\t\t\t\t\t<\/div>\n\t\t<\/div>\n\t\t\t\t\t<\/div>\n\t\t<\/section>\n\t\t\t\t<\/div>","protected":false},"excerpt":{"rendered":"<p>Impressum Daniel M&uuml;nchinger Fitness Factory Pforzheim Freiburgerstra&szlig;e 7 75179 Pforzheim Kontakt Telefon: 0723133310 E-Mail: info@fitness-factory-pforzheim.de Angaben zur Berufs&shy;haftpflicht&shy;versicherung Name und Sitz des Versicherers: Gothaer Aligemelne Versicherung AG Gothaer Allee 1, 50969 K&ouml;ln (Hausanschrift) Geltungsraum der Versicherung:Deutschland Redaktionell verantwortlich Daniel M&uuml;nchinger Fitness Factory Pforzheim Freiburgerstra&szlig;e 7 75179 Pforzheim EU-Streitschlichtung Die Europ&auml;ische Kommission stellt eine Plattform zur [&hellip;]<\/p>\n","protected":false},"author":1,"featured_media":0,"parent":0,"menu_order":0,"comment_status":"closed","ping_status":"closed","template":"","meta":{"footnotes":""},"class_list":["post-11","page","type-page","status-publish","hentry"],"yoast_head":"<!-- This site is optimized with the Yoast SEO plugin v27.5 - https:\/\/yoast.com\/product\/yoast-seo-wordpress\/ -->\n<title>Impressum - Fitness in Pforzheim - Fitness Factory Pforzheim<\/title>\n<meta name=\"robots\" content=\"noindex, nofollow\" \/>\n<meta property=\"og:locale\" content=\"en_US\" \/>\n<meta property=\"og:type\" content=\"article\" \/>\n<meta property=\"og:title\" content=\"Impressum - Fitness in Pforzheim - Fitness Factory Pforzheim\" \/>\n<meta property=\"og:description\" content=\"Impressum Daniel M&uuml;nchinger Fitness Factory Pforzheim Freiburgerstra&szlig;e 7 75179 Pforzheim Kontakt Telefon: 0723133310 E-Mail: info@fitness-factory-pforzheim.de Angaben zur Berufs&shy;haftpflicht&shy;versicherung Name und Sitz des Versicherers: Gothaer Aligemelne Versicherung AG Gothaer Allee 1, 50969 K&ouml;ln (Hausanschrift) Geltungsraum der Versicherung:Deutschland Redaktionell verantwortlich Daniel M&uuml;nchinger Fitness Factory Pforzheim Freiburgerstra&szlig;e 7 75179 Pforzheim EU-Streitschlichtung Die Europ&auml;ische Kommission stellt eine Plattform zur [&hellip;]\" \/>\n<meta property=\"og:url\" content=\"https:\/\/www.fitness-factory-pforzheim.de\/en\/impressum\/\" \/>\n<meta property=\"og:site_name\" content=\"Fitness in Pforzheim - Fitness Factory Pforzheim\" \/>\n<meta property=\"article:publisher\" content=\"https:\/\/www.facebook.com\/fitnessfactorypforzheim\/\" \/>\n<meta property=\"article:modified_time\" content=\"2025-04-05T00:59:22+00:00\" \/>\n<meta name=\"twitter:card\" content=\"summary_large_image\" \/>\n<meta name=\"twitter:label1\" content=\"Est. reading time\" \/>\n\t<meta name=\"twitter:data1\" content=\"3 minutes\" \/>\n<script type=\"application\/ld+json\" class=\"yoast-schema-graph\">{\"@context\":\"https:\\\/\\\/schema.org\",\"@graph\":[{\"@type\":\"WebPage\",\"@id\":\"https:\\\/\\\/www.fitness-factory-pforzheim.de\\\/impressum\\\/\",\"url\":\"https:\\\/\\\/www.fitness-factory-pforzheim.de\\\/impressum\\\/\",\"name\":\"Impressum - Fitness in Pforzheim - Fitness Factory Pforzheim\",\"isPartOf\":{\"@id\":\"https:\\\/\\\/www.fitness-factory-pforzheim.de\\\/#website\"},\"datePublished\":\"2020-05-03T17:24:13+00:00\",\"dateModified\":\"2025-04-05T00:59:22+00:00\",\"breadcrumb\":{\"@id\":\"https:\\\/\\\/www.fitness-factory-pforzheim.de\\\/impressum\\\/#breadcrumb\"},\"inLanguage\":\"en-US\",\"potentialAction\":[{\"@type\":\"ReadAction\",\"target\":[\"https:\\\/\\\/www.fitness-factory-pforzheim.de\\\/impressum\\\/\"]}]},{\"@type\":\"BreadcrumbList\",\"@id\":\"https:\\\/\\\/www.fitness-factory-pforzheim.de\\\/impressum\\\/#breadcrumb\",\"itemListElement\":[{\"@type\":\"ListItem\",\"position\":1,\"name\":\"Startseite\",\"item\":\"https:\\\/\\\/www.fitness-factory-pforzheim.de\\\/\"},{\"@type\":\"ListItem\",\"position\":2,\"name\":\"Impressum\"}]},{\"@type\":\"WebSite\",\"@id\":\"https:\\\/\\\/www.fitness-factory-pforzheim.de\\\/#website\",\"url\":\"https:\\\/\\\/www.fitness-factory-pforzheim.de\\\/\",\"name\":\"Fitness in Pforzheim - Fitness Factory Pforzheim\",\"description\":\"\",\"publisher\":{\"@id\":\"https:\\\/\\\/www.fitness-factory-pforzheim.de\\\/#organization\"},\"potentialAction\":[{\"@type\":\"SearchAction\",\"target\":{\"@type\":\"EntryPoint\",\"urlTemplate\":\"https:\\\/\\\/www.fitness-factory-pforzheim.de\\\/?s={search_term_string}\"},\"query-input\":{\"@type\":\"PropertyValueSpecification\",\"valueRequired\":true,\"valueName\":\"search_term_string\"}}],\"inLanguage\":\"en-US\"},{\"@type\":\"Organization\",\"@id\":\"https:\\\/\\\/www.fitness-factory-pforzheim.de\\\/#organization\",\"name\":\"Fitness Factory Pforzheim\",\"url\":\"https:\\\/\\\/www.fitness-factory-pforzheim.de\\\/\",\"logo\":{\"@type\":\"ImageObject\",\"inLanguage\":\"en-US\",\"@id\":\"https:\\\/\\\/www.fitness-factory-pforzheim.de\\\/#\\\/schema\\\/logo\\\/image\\\/\",\"url\":\"https:\\\/\\\/www.fitness-factory-pforzheim.de\\\/wp-content\\\/uploads\\\/2022\\\/06\\\/Fitness-Factory-Pforzheim-Logo-Neu.png\",\"contentUrl\":\"https:\\\/\\\/www.fitness-factory-pforzheim.de\\\/wp-content\\\/uploads\\\/2022\\\/06\\\/Fitness-Factory-Pforzheim-Logo-Neu.png\",\"width\":1080,\"height\":1080,\"caption\":\"Fitness Factory Pforzheim\"},\"image\":{\"@id\":\"https:\\\/\\\/www.fitness-factory-pforzheim.de\\\/#\\\/schema\\\/logo\\\/image\\\/\"},\"sameAs\":[\"https:\\\/\\\/www.facebook.com\\\/fitnessfactorypforzheim\\\/\",\"https:\\\/\\\/instagram.com\\\/fitnessfactorypforzheim?igshid=YmMyMTA2M2Y\"]}]}<\/script>\n<!-- \/ Yoast SEO plugin. -->","yoast_head_json":{"title":"Impressum - Fitness in Pforzheim - Fitness Factory Pforzheim","robots":{"index":"noindex","follow":"nofollow"},"og_locale":"en_US","og_type":"article","og_title":"Impressum - Fitness in Pforzheim - Fitness Factory Pforzheim","og_description":"Impressum Daniel M&uuml;nchinger Fitness Factory Pforzheim Freiburgerstra&szlig;e 7 75179 Pforzheim Kontakt Telefon: 0723133310 E-Mail: info@fitness-factory-pforzheim.de Angaben zur Berufs&shy;haftpflicht&shy;versicherung Name und Sitz des Versicherers: Gothaer Aligemelne Versicherung AG Gothaer Allee 1, 50969 K&ouml;ln (Hausanschrift) Geltungsraum der Versicherung:Deutschland Redaktionell verantwortlich Daniel M&uuml;nchinger Fitness Factory Pforzheim Freiburgerstra&szlig;e 7 75179 Pforzheim EU-Streitschlichtung Die Europ&auml;ische Kommission stellt eine Plattform zur [&hellip;]","og_url":"https:\/\/www.fitness-factory-pforzheim.de\/en\/impressum\/","og_site_name":"Fitness in Pforzheim - Fitness Factory Pforzheim","article_publisher":"https:\/\/www.facebook.com\/fitnessfactorypforzheim\/","article_modified_time":"2025-04-05T00:59:22+00:00","twitter_card":"summary_large_image","twitter_misc":{"Est. reading time":"3 minutes"},"schema":{"@context":"https:\/\/schema.org","@graph":[{"@type":"WebPage","@id":"https:\/\/www.fitness-factory-pforzheim.de\/impressum\/","url":"https:\/\/www.fitness-factory-pforzheim.de\/impressum\/","name":"Impressum - Fitness in Pforzheim - Fitness Factory Pforzheim","isPartOf":{"@id":"https:\/\/www.fitness-factory-pforzheim.de\/#website"},"datePublished":"2020-05-03T17:24:13+00:00","dateModified":"2025-04-05T00:59:22+00:00","breadcrumb":{"@id":"https:\/\/www.fitness-factory-pforzheim.de\/impressum\/#breadcrumb"},"inLanguage":"en-US","potentialAction":[{"@type":"ReadAction","target":["https:\/\/www.fitness-factory-pforzheim.de\/impressum\/"]}]},{"@type":"BreadcrumbList","@id":"https:\/\/www.fitness-factory-pforzheim.de\/impressum\/#breadcrumb","itemListElement":[{"@type":"ListItem","position":1,"name":"Startseite","item":"https:\/\/www.fitness-factory-pforzheim.de\/"},{"@type":"ListItem","position":2,"name":"Impressum"}]},{"@type":"WebSite","@id":"https:\/\/www.fitness-factory-pforzheim.de\/#website","url":"https:\/\/www.fitness-factory-pforzheim.de\/","name":"Fitness in Pforzheim - Fitness Factory Pforzheim","description":"","publisher":{"@id":"https:\/\/www.fitness-factory-pforzheim.de\/#organization"},"potentialAction":[{"@type":"SearchAction","target":{"@type":"EntryPoint","urlTemplate":"https:\/\/www.fitness-factory-pforzheim.de\/?s={search_term_string}"},"query-input":{"@type":"PropertyValueSpecification","valueRequired":true,"valueName":"search_term_string"}}],"inLanguage":"en-US"},{"@type":"Organization","@id":"https:\/\/www.fitness-factory-pforzheim.de\/#organization","name":"Fitness Factory Pforzheim","url":"https:\/\/www.fitness-factory-pforzheim.de\/","logo":{"@type":"ImageObject","inLanguage":"en-US","@id":"https:\/\/www.fitness-factory-pforzheim.de\/#\/schema\/logo\/image\/","url":"https:\/\/www.fitness-factory-pforzheim.de\/wp-content\/uploads\/2022\/06\/Fitness-Factory-Pforzheim-Logo-Neu.png","contentUrl":"https:\/\/www.fitness-factory-pforzheim.de\/wp-content\/uploads\/2022\/06\/Fitness-Factory-Pforzheim-Logo-Neu.png","width":1080,"height":1080,"caption":"Fitness Factory Pforzheim"},"image":{"@id":"https:\/\/www.fitness-factory-pforzheim.de\/#\/schema\/logo\/image\/"},"sameAs":["https:\/\/www.facebook.com\/fitnessfactorypforzheim\/","https:\/\/instagram.com\/fitnessfactorypforzheim?igshid=YmMyMTA2M2Y"]}]}},"jetpack_sharing_enabled":true,"_links":{"self":[{"href":"https:\/\/www.fitness-factory-pforzheim.de\/en\/wp-json\/wp\/v2\/pages\/11","targetHints":{"allow":["GET"]}}],"collection":[{"href":"https:\/\/www.fitness-factory-pforzheim.de\/en\/wp-json\/wp\/v2\/pages"}],"about":[{"href":"https:\/\/www.fitness-factory-pforzheim.de\/en\/wp-json\/wp\/v2\/types\/page"}],"author":[{"embeddable":true,"href":"https:\/\/www.fitness-factory-pforzheim.de\/en\/wp-json\/wp\/v2\/users\/1"}],"replies":[{"embeddable":true,"href":"https:\/\/www.fitness-factory-pforzheim.de\/en\/wp-json\/wp\/v2\/comments?post=11"}],"version-history":[{"count":0,"href":"https:\/\/www.fitness-factory-pforzheim.de\/en\/wp-json\/wp\/v2\/pages\/11\/revisions"}],"wp:attachment":[{"href":"https:\/\/www.fitness-factory-pforzheim.de\/en\/wp-json\/wp\/v2\/media?parent=11"}],"curies":[{"name":"wp","href":"https:\/\/api.w.org\/{rel}","templated":true}]}}