{"id":1474,"date":"2020-06-23T21:10:50","date_gmt":"2020-06-23T19:10:50","guid":{"rendered":"https:\/\/www.fitness-factory-pforzheim.de\/?page_id=1474"},"modified":"2025-11-07T19:47:02","modified_gmt":"2025-11-07T18:47:02","slug":"abnehmen-und-figur","status":"publish","type":"page","link":"https:\/\/www.fitness-factory-pforzheim.de\/en\/abnehmen-und-figur\/","title":{"rendered":"Abnehmen &#038; Figur"},"content":{"rendered":"<div data-elementor-type=\"wp-page\" data-elementor-id=\"1474\" class=\"elementor elementor-1474\" data-elementor-post-type=\"page\">\n\t\t\t\t<div data-particle_enable=\"false\" data-particle-mobile-disabled=\"false\" class=\"elementor-element elementor-element-fe36ae9 e-flex e-con-boxed e-con e-parent\" data-id=\"fe36ae9\" data-element_type=\"container\" data-e-type=\"container\" data-settings=\"{&quot;jet_parallax_layout_list&quot;:[]}\">\n\t\t\t\t\t<div class=\"e-con-inner\">\n\t\t<div data-particle_enable=\"false\" data-particle-mobile-disabled=\"false\" class=\"elementor-element elementor-element-f0ccb9d e-con-full e-flex e-con e-child\" data-id=\"f0ccb9d\" data-element_type=\"container\" data-e-type=\"container\" data-settings=\"{&quot;jet_parallax_layout_list&quot;:[]}\">\n\t\t\t\t<div class=\"elementor-element elementor-element-5f818f6 elementor-position-top elementor-widget elementor-widget-image-box\" data-id=\"5f818f6\" data-element_type=\"widget\" data-e-type=\"widget\" data-widget_type=\"image-box.default\">\n\t\t\t\t<div class=\"elementor-widget-container\">\n\t\t\t\t\t<div class=\"elementor-image-box-wrapper\"><figure class=\"elementor-image-box-img\"><img fetchpriority=\"high\" decoding=\"async\" width=\"1600\" height=\"1066\" src=\"https:\/\/www.fitness-factory-pforzheim.de\/wp-content\/uploads\/2020\/06\/WhatsApp-Image-2020-06-23-at-21.19.36.jpeg\" class=\"attachment-full size-full wp-image-1480\" alt=\"Schwarzer Teller mit wei\u00dfem Reis, gebratenen Garnelen, gr\u00fcnen Erbsen und Zitronenscheiben, angerichtet auf einer dunklen Tischdecke mit Messer und Gabel.\" srcset=\"https:\/\/www.fitness-factory-pforzheim.de\/wp-content\/uploads\/2020\/06\/WhatsApp-Image-2020-06-23-at-21.19.36.jpeg 1600w, https:\/\/www.fitness-factory-pforzheim.de\/wp-content\/uploads\/2020\/06\/WhatsApp-Image-2020-06-23-at-21.19.36-600x400.jpeg 600w, https:\/\/www.fitness-factory-pforzheim.de\/wp-content\/uploads\/2020\/06\/WhatsApp-Image-2020-06-23-at-21.19.36-300x200.jpeg 300w, https:\/\/www.fitness-factory-pforzheim.de\/wp-content\/uploads\/2020\/06\/WhatsApp-Image-2020-06-23-at-21.19.36-1024x682.jpeg 1024w, https:\/\/www.fitness-factory-pforzheim.de\/wp-content\/uploads\/2020\/06\/WhatsApp-Image-2020-06-23-at-21.19.36-768x512.jpeg 768w, https:\/\/www.fitness-factory-pforzheim.de\/wp-content\/uploads\/2020\/06\/WhatsApp-Image-2020-06-23-at-21.19.36-391x260.jpeg 391w, https:\/\/www.fitness-factory-pforzheim.de\/wp-content\/uploads\/2020\/06\/WhatsApp-Image-2020-06-23-at-21.19.36-1536x1023.jpeg 1536w\" sizes=\"(max-width: 1600px) 100vw, 1600px\" \/><\/figure><div class=\"elementor-image-box-content\"><h3 class=\"elementor-image-box-title\">Ern\u00e4hrung<\/h3><p class=\"elementor-image-box-description\">Hast du dich auch schon gefragt, wie manche Menschen es schaffen, immer straff und schlank zu sein? Sie ern\u00e4hren sich ausgewogen. Wir zeigen dir, wie es geht!<\/p><\/div><\/div>\t\t\t\t<\/div>\n\t\t\t\t<\/div>\n\t\t\t\t<div class=\"elementor-element elementor-element-d84a9b0 elementor-align-center elementor-widget elementor-widget-button\" data-id=\"d84a9b0\" data-element_type=\"widget\" data-e-type=\"widget\" data-widget_type=\"button.default\">\n\t\t\t\t<div class=\"elementor-widget-container\">\n\t\t\t\t\t\t\t\t\t<div class=\"elementor-button-wrapper\">\n\t\t\t\t\t<a class=\"elementor-button elementor-button-link elementor-size-sm elementor-animation-shrink\" href=\"https:\/\/www.fitness-factory-pforzheim.de\/en\/ernaerung\/\">\n\t\t\t\t\t\t<span class=\"elementor-button-content-wrapper\">\n\t\t\t\t\t\t\t\t\t<span class=\"elementor-button-text\">Mehr infos<\/span>\n\t\t\t\t\t<\/span>\n\t\t\t\t\t<\/a>\n\t\t\t\t<\/div>\n\t\t\t\t\t\t\t\t<\/div>\n\t\t\t\t<\/div>\n\t\t\t\t<\/div>\n\t\t<div data-particle_enable=\"false\" data-particle-mobile-disabled=\"false\" class=\"elementor-element elementor-element-d8758b8 e-con-full e-flex e-con e-child\" data-id=\"d8758b8\" data-element_type=\"container\" data-e-type=\"container\" data-settings=\"{&quot;jet_parallax_layout_list&quot;:[]}\">\n\t\t\t\t<div class=\"elementor-element elementor-element-c79f44d elementor-position-top elementor-widget elementor-widget-image-box\" data-id=\"c79f44d\" data-element_type=\"widget\" data-e-type=\"widget\" data-widget_type=\"image-box.default\">\n\t\t\t\t<div class=\"elementor-widget-container\">\n\t\t\t\t\t<div class=\"elementor-image-box-wrapper\"><figure class=\"elementor-image-box-img\"><img decoding=\"async\" width=\"1600\" height=\"1066\" src=\"https:\/\/www.fitness-factory-pforzheim.de\/wp-content\/uploads\/2020\/06\/Design-ohne-Titel.png\" class=\"attachment-full size-full wp-image-2126\" alt=\"Schwarz-wei\u00df-Foto einer Frau in dunklem Sporttop mit Slim-Belly-G\u00fcrtel; daneben der wei\u00dfe Schriftzug &quot;my little secret&quot;\" srcset=\"https:\/\/www.fitness-factory-pforzheim.de\/wp-content\/uploads\/2020\/06\/Design-ohne-Titel.png 1600w, https:\/\/www.fitness-factory-pforzheim.de\/wp-content\/uploads\/2020\/06\/Design-ohne-Titel-600x400.png 600w, https:\/\/www.fitness-factory-pforzheim.de\/wp-content\/uploads\/2020\/06\/Design-ohne-Titel-300x200.png 300w, https:\/\/www.fitness-factory-pforzheim.de\/wp-content\/uploads\/2020\/06\/Design-ohne-Titel-1024x682.png 1024w, https:\/\/www.fitness-factory-pforzheim.de\/wp-content\/uploads\/2020\/06\/Design-ohne-Titel-768x512.png 768w, https:\/\/www.fitness-factory-pforzheim.de\/wp-content\/uploads\/2020\/06\/Design-ohne-Titel-391x260.png 391w, https:\/\/www.fitness-factory-pforzheim.de\/wp-content\/uploads\/2020\/06\/Design-ohne-Titel-1536x1023.png 1536w\" sizes=\"(max-width: 1600px) 100vw, 1600px\" \/><\/figure><div class=\"elementor-image-box-content\"><h3 class=\"elementor-image-box-title\">Slim Belly &amp; Slim Legs<\/h3><p class=\"elementor-image-box-description\">Fett verbrennen, Gewebe straffen und Hautbild verbessern. All das gelingt mit der Airpressure Bodyforming Methode!\n\nDie sanfte Wechseldruckmassage des Slim Belly (Bauch) bzw. Slim Legs (Po\/Oberschenkel) f\u00f6rdert die Durchblutung und den Stoffwechsel. Gleichzeitiges Ausdauertraining in Kombination mit bew\u00e4hrten Ern\u00e4hrungsregeln sorgen f\u00fcr sichtbare Erfolge.<\/p><\/div><\/div>\t\t\t\t<\/div>\n\t\t\t\t<\/div>\n\t\t\t\t<div class=\"elementor-element elementor-element-a6bc329 elementor-align-center elementor-widget elementor-widget-button\" data-id=\"a6bc329\" data-element_type=\"widget\" data-e-type=\"widget\" data-widget_type=\"button.default\">\n\t\t\t\t<div class=\"elementor-widget-container\">\n\t\t\t\t\t\t\t\t\t<div class=\"elementor-button-wrapper\">\n\t\t\t\t\t<a class=\"elementor-button elementor-button-link elementor-size-sm elementor-animation-shrink\" href=\"https:\/\/www.fitness-factory-pforzheim.de\/en\/slim-belly\/\">\n\t\t\t\t\t\t<span class=\"elementor-button-content-wrapper\">\n\t\t\t\t\t\t\t\t\t<span class=\"elementor-button-text\">Mehr infos<\/span>\n\t\t\t\t\t<\/span>\n\t\t\t\t\t<\/a>\n\t\t\t\t<\/div>\n\t\t\t\t\t\t\t\t<\/div>\n\t\t\t\t<\/div>\n\t\t\t\t<\/div>\n\t\t<div data-particle_enable=\"false\" data-particle-mobile-disabled=\"false\" class=\"elementor-element elementor-element-d0d3faa e-con-full e-flex e-con e-child\" data-id=\"d0d3faa\" data-element_type=\"container\" data-e-type=\"container\" data-settings=\"{&quot;jet_parallax_layout_list&quot;:[]}\">\n\t\t\t\t<div class=\"elementor-element elementor-element-a95a4d4 elementor-position-top elementor-widget elementor-widget-image-box\" data-id=\"a95a4d4\" data-element_type=\"widget\" data-e-type=\"widget\" data-widget_type=\"image-box.default\">\n\t\t\t\t<div class=\"elementor-widget-container\">\n\t\t\t\t\t<div class=\"elementor-image-box-wrapper\"><figure class=\"elementor-image-box-img\"><img decoding=\"async\" width=\"1600\" height=\"1067\" src=\"https:\/\/www.fitness-factory-pforzheim.de\/wp-content\/uploads\/2020\/06\/WhatsApp-Image-2020-06-23-at-21.21.38.jpeg\" class=\"attachment-full size-full wp-image-1483\" alt=\"Gruppenfitnesskurs in einem Loft: Eine Frau im Vordergrund hebt die Arme \u00fcber den Kopf, w\u00e4hrend mehrere Teilnehmer im Hintergrund synchron die \u00dcbung ausf\u00fchren; Sonnenlicht scheint durch gro\u00dfe Fenster.\" srcset=\"https:\/\/www.fitness-factory-pforzheim.de\/wp-content\/uploads\/2020\/06\/WhatsApp-Image-2020-06-23-at-21.21.38.jpeg 1600w, https:\/\/www.fitness-factory-pforzheim.de\/wp-content\/uploads\/2020\/06\/WhatsApp-Image-2020-06-23-at-21.21.38-600x400.jpeg 600w, https:\/\/www.fitness-factory-pforzheim.de\/wp-content\/uploads\/2020\/06\/WhatsApp-Image-2020-06-23-at-21.21.38-300x200.jpeg 300w, https:\/\/www.fitness-factory-pforzheim.de\/wp-content\/uploads\/2020\/06\/WhatsApp-Image-2020-06-23-at-21.21.38-1024x683.jpeg 1024w, https:\/\/www.fitness-factory-pforzheim.de\/wp-content\/uploads\/2020\/06\/WhatsApp-Image-2020-06-23-at-21.21.38-768x512.jpeg 768w, https:\/\/www.fitness-factory-pforzheim.de\/wp-content\/uploads\/2020\/06\/WhatsApp-Image-2020-06-23-at-21.21.38-391x260.jpeg 391w, https:\/\/www.fitness-factory-pforzheim.de\/wp-content\/uploads\/2020\/06\/WhatsApp-Image-2020-06-23-at-21.21.38-1536x1024.jpeg 1536w\" sizes=\"(max-width: 1600px) 100vw, 1600px\" \/><\/figure><div class=\"elementor-image-box-content\"><h3 class=\"elementor-image-box-title\">Gruppenkurse<\/h3><p class=\"elementor-image-box-description\">Erg\u00e4nze dein Training durch Fatburn Kurse, Bodyforming oder Pilates.\n\nG\u00f6nne dir nach dem Sport einen relaxenden Saunabesuch, der deine Muskulatur lockert und dein allgemeines Wohlbefinden verbessert.<\/p><\/div><\/div>\t\t\t\t<\/div>\n\t\t\t\t<\/div>\n\t\t\t\t<div class=\"elementor-element elementor-element-eb644a0 elementor-align-center elementor-widget elementor-widget-button\" data-id=\"eb644a0\" data-element_type=\"widget\" data-e-type=\"widget\" data-widget_type=\"button.default\">\n\t\t\t\t<div class=\"elementor-widget-container\">\n\t\t\t\t\t\t\t\t\t<div class=\"elementor-button-wrapper\">\n\t\t\t\t\t<a class=\"elementor-button elementor-button-link elementor-size-sm elementor-animation-shrink\" href=\"https:\/\/www.fitness-factory-pforzheim.de\/en\/kursplan\/\">\n\t\t\t\t\t\t<span class=\"elementor-button-content-wrapper\">\n\t\t\t\t\t\t\t\t\t<span class=\"elementor-button-text\">Kursplan<\/span>\n\t\t\t\t\t<\/span>\n\t\t\t\t\t<\/a>\n\t\t\t\t<\/div>\n\t\t\t\t\t\t\t\t<\/div>\n\t\t\t\t<\/div>\n\t\t\t\t<\/div>\n\t\t\t\t\t<\/div>\n\t\t\t\t<\/div>\n\t\t\t\t<\/div>","protected":false},"excerpt":{"rendered":"<p>Ern\u00e4hrung Hast du dich auch schon gefragt, wie manche Menschen es schaffen, immer straff und schlank zu sein? Sie ern\u00e4hren sich ausgewogen. Wir zeigen dir, wie es geht! Mehr infos Slim Belly &amp; Slim Legs Fett verbrennen, Gewebe straffen und Hautbild verbessern. All das gelingt mit der Airpressure Bodyforming Methode! Die sanfte Wechseldruckmassage des Slim [&hellip;]<\/p>\n","protected":false},"author":1,"featured_media":0,"parent":0,"menu_order":0,"comment_status":"closed","ping_status":"closed","template":"","meta":{"footnotes":""},"class_list":["post-1474","page","type-page","status-publish","hentry"],"yoast_head":"<!-- This site is optimized with the Yoast SEO plugin v27.5 - https:\/\/yoast.com\/product\/yoast-seo-wordpress\/ -->\n<title>Abnehmen &amp; Figurtraining \u2013 Fitness Factory Pforzheim<\/title>\n<meta name=\"description\" content=\"Erreiche dein Wunschgewicht mit gezieltem Figurtraining und individueller Betreuung in der Fitness Factory Pforzheim. Jetzt starten!\" \/>\n<meta name=\"robots\" content=\"index, follow, max-snippet:-1, max-image-preview:large, max-video-preview:-1\" \/>\n<link rel=\"canonical\" href=\"https:\/\/www.fitness-factory-pforzheim.de\/en\/abnehmen-und-figur\/\" \/>\n<meta property=\"og:locale\" content=\"en_US\" \/>\n<meta property=\"og:type\" content=\"article\" \/>\n<meta property=\"og:title\" content=\"Abnehmen &amp; Figurtraining \u2013 Fitness Factory Pforzheim\" \/>\n<meta property=\"og:description\" content=\"Erreiche dein Wunschgewicht mit gezieltem Figurtraining und individueller Betreuung in der Fitness Factory Pforzheim. Jetzt starten!\" \/>\n<meta property=\"og:url\" content=\"https:\/\/www.fitness-factory-pforzheim.de\/en\/abnehmen-und-figur\/\" \/>\n<meta property=\"og:site_name\" content=\"Fitness in Pforzheim - Fitness Factory Pforzheim\" \/>\n<meta property=\"article:publisher\" content=\"https:\/\/www.facebook.com\/fitnessfactorypforzheim\/\" \/>\n<meta property=\"article:modified_time\" content=\"2025-11-07T18:47:02+00:00\" \/>\n<meta property=\"og:image\" content=\"https:\/\/www.fitness-factory-pforzheim.de\/wp-content\/uploads\/2020\/06\/WhatsApp-Image-2020-06-23-at-21.19.36.jpeg\" \/>\n\t<meta property=\"og:image:width\" content=\"1600\" \/>\n\t<meta property=\"og:image:height\" content=\"1066\" \/>\n\t<meta property=\"og:image:type\" content=\"image\/jpeg\" \/>\n<meta name=\"twitter:card\" content=\"summary_large_image\" \/>\n<meta name=\"twitter:label1\" content=\"Est. reading time\" \/>\n\t<meta name=\"twitter:data1\" content=\"2 minutes\" \/>\n<script type=\"application\/ld+json\" class=\"yoast-schema-graph\">{\"@context\":\"https:\\\/\\\/schema.org\",\"@graph\":[{\"@type\":\"WebPage\",\"@id\":\"https:\\\/\\\/www.fitness-factory-pforzheim.de\\\/abnehmen-und-figur\\\/\",\"url\":\"https:\\\/\\\/www.fitness-factory-pforzheim.de\\\/abnehmen-und-figur\\\/\",\"name\":\"Abnehmen & Figurtraining \u2013 Fitness Factory Pforzheim\",\"isPartOf\":{\"@id\":\"https:\\\/\\\/www.fitness-factory-pforzheim.de\\\/#website\"},\"primaryImageOfPage\":{\"@id\":\"https:\\\/\\\/www.fitness-factory-pforzheim.de\\\/abnehmen-und-figur\\\/#primaryimage\"},\"image\":{\"@id\":\"https:\\\/\\\/www.fitness-factory-pforzheim.de\\\/abnehmen-und-figur\\\/#primaryimage\"},\"thumbnailUrl\":\"https:\\\/\\\/www.fitness-factory-pforzheim.de\\\/wp-content\\\/uploads\\\/2020\\\/06\\\/WhatsApp-Image-2020-06-23-at-21.19.36.jpeg\",\"datePublished\":\"2020-06-23T19:10:50+00:00\",\"dateModified\":\"2025-11-07T18:47:02+00:00\",\"description\":\"Erreiche dein Wunschgewicht mit gezieltem Figurtraining und individueller Betreuung in der Fitness Factory Pforzheim. Jetzt starten!\",\"breadcrumb\":{\"@id\":\"https:\\\/\\\/www.fitness-factory-pforzheim.de\\\/abnehmen-und-figur\\\/#breadcrumb\"},\"inLanguage\":\"en-US\",\"potentialAction\":[{\"@type\":\"ReadAction\",\"target\":[\"https:\\\/\\\/www.fitness-factory-pforzheim.de\\\/abnehmen-und-figur\\\/\"]}]},{\"@type\":\"ImageObject\",\"inLanguage\":\"en-US\",\"@id\":\"https:\\\/\\\/www.fitness-factory-pforzheim.de\\\/abnehmen-und-figur\\\/#primaryimage\",\"url\":\"https:\\\/\\\/www.fitness-factory-pforzheim.de\\\/wp-content\\\/uploads\\\/2020\\\/06\\\/WhatsApp-Image-2020-06-23-at-21.19.36.jpeg\",\"contentUrl\":\"https:\\\/\\\/www.fitness-factory-pforzheim.de\\\/wp-content\\\/uploads\\\/2020\\\/06\\\/WhatsApp-Image-2020-06-23-at-21.19.36.jpeg\"},{\"@type\":\"BreadcrumbList\",\"@id\":\"https:\\\/\\\/www.fitness-factory-pforzheim.de\\\/abnehmen-und-figur\\\/#breadcrumb\",\"itemListElement\":[{\"@type\":\"ListItem\",\"position\":1,\"name\":\"Startseite\",\"item\":\"https:\\\/\\\/www.fitness-factory-pforzheim.de\\\/\"},{\"@type\":\"ListItem\",\"position\":2,\"name\":\"Abnehmen &#038; Figur\"}]},{\"@type\":\"WebSite\",\"@id\":\"https:\\\/\\\/www.fitness-factory-pforzheim.de\\\/#website\",\"url\":\"https:\\\/\\\/www.fitness-factory-pforzheim.de\\\/\",\"name\":\"Fitness in Pforzheim - Fitness Factory Pforzheim\",\"description\":\"\",\"publisher\":{\"@id\":\"https:\\\/\\\/www.fitness-factory-pforzheim.de\\\/#organization\"},\"potentialAction\":[{\"@type\":\"SearchAction\",\"target\":{\"@type\":\"EntryPoint\",\"urlTemplate\":\"https:\\\/\\\/www.fitness-factory-pforzheim.de\\\/?s={search_term_string}\"},\"query-input\":{\"@type\":\"PropertyValueSpecification\",\"valueRequired\":true,\"valueName\":\"search_term_string\"}}],\"inLanguage\":\"en-US\"},{\"@type\":\"Organization\",\"@id\":\"https:\\\/\\\/www.fitness-factory-pforzheim.de\\\/#organization\",\"name\":\"Fitness Factory Pforzheim\",\"url\":\"https:\\\/\\\/www.fitness-factory-pforzheim.de\\\/\",\"logo\":{\"@type\":\"ImageObject\",\"inLanguage\":\"en-US\",\"@id\":\"https:\\\/\\\/www.fitness-factory-pforzheim.de\\\/#\\\/schema\\\/logo\\\/image\\\/\",\"url\":\"https:\\\/\\\/www.fitness-factory-pforzheim.de\\\/wp-content\\\/uploads\\\/2022\\\/06\\\/Fitness-Factory-Pforzheim-Logo-Neu.png\",\"contentUrl\":\"https:\\\/\\\/www.fitness-factory-pforzheim.de\\\/wp-content\\\/uploads\\\/2022\\\/06\\\/Fitness-Factory-Pforzheim-Logo-Neu.png\",\"width\":1080,\"height\":1080,\"caption\":\"Fitness Factory Pforzheim\"},\"image\":{\"@id\":\"https:\\\/\\\/www.fitness-factory-pforzheim.de\\\/#\\\/schema\\\/logo\\\/image\\\/\"},\"sameAs\":[\"https:\\\/\\\/www.facebook.com\\\/fitnessfactorypforzheim\\\/\",\"https:\\\/\\\/instagram.com\\\/fitnessfactorypforzheim?igshid=YmMyMTA2M2Y\"]}]}<\/script>\n<!-- \/ Yoast SEO plugin. -->","yoast_head_json":{"title":"Abnehmen & Figurtraining \u2013 Fitness Factory Pforzheim","description":"Erreiche dein Wunschgewicht mit gezieltem Figurtraining und individueller Betreuung in der Fitness Factory Pforzheim. Jetzt starten!","robots":{"index":"index","follow":"follow","max-snippet":"max-snippet:-1","max-image-preview":"max-image-preview:large","max-video-preview":"max-video-preview:-1"},"canonical":"https:\/\/www.fitness-factory-pforzheim.de\/en\/abnehmen-und-figur\/","og_locale":"en_US","og_type":"article","og_title":"Abnehmen & Figurtraining \u2013 Fitness Factory Pforzheim","og_description":"Erreiche dein Wunschgewicht mit gezieltem Figurtraining und individueller Betreuung in der Fitness Factory Pforzheim. Jetzt starten!","og_url":"https:\/\/www.fitness-factory-pforzheim.de\/en\/abnehmen-und-figur\/","og_site_name":"Fitness in Pforzheim - Fitness Factory Pforzheim","article_publisher":"https:\/\/www.facebook.com\/fitnessfactorypforzheim\/","article_modified_time":"2025-11-07T18:47:02+00:00","og_image":[{"width":1600,"height":1066,"url":"https:\/\/www.fitness-factory-pforzheim.de\/wp-content\/uploads\/2020\/06\/WhatsApp-Image-2020-06-23-at-21.19.36.jpeg","type":"image\/jpeg"}],"twitter_card":"summary_large_image","twitter_misc":{"Est. reading time":"2 minutes"},"schema":{"@context":"https:\/\/schema.org","@graph":[{"@type":"WebPage","@id":"https:\/\/www.fitness-factory-pforzheim.de\/abnehmen-und-figur\/","url":"https:\/\/www.fitness-factory-pforzheim.de\/abnehmen-und-figur\/","name":"Abnehmen & Figurtraining \u2013 Fitness Factory Pforzheim","isPartOf":{"@id":"https:\/\/www.fitness-factory-pforzheim.de\/#website"},"primaryImageOfPage":{"@id":"https:\/\/www.fitness-factory-pforzheim.de\/abnehmen-und-figur\/#primaryimage"},"image":{"@id":"https:\/\/www.fitness-factory-pforzheim.de\/abnehmen-und-figur\/#primaryimage"},"thumbnailUrl":"https:\/\/www.fitness-factory-pforzheim.de\/wp-content\/uploads\/2020\/06\/WhatsApp-Image-2020-06-23-at-21.19.36.jpeg","datePublished":"2020-06-23T19:10:50+00:00","dateModified":"2025-11-07T18:47:02+00:00","description":"Erreiche dein Wunschgewicht mit gezieltem Figurtraining und individueller Betreuung in der Fitness Factory Pforzheim. Jetzt starten!","breadcrumb":{"@id":"https:\/\/www.fitness-factory-pforzheim.de\/abnehmen-und-figur\/#breadcrumb"},"inLanguage":"en-US","potentialAction":[{"@type":"ReadAction","target":["https:\/\/www.fitness-factory-pforzheim.de\/abnehmen-und-figur\/"]}]},{"@type":"ImageObject","inLanguage":"en-US","@id":"https:\/\/www.fitness-factory-pforzheim.de\/abnehmen-und-figur\/#primaryimage","url":"https:\/\/www.fitness-factory-pforzheim.de\/wp-content\/uploads\/2020\/06\/WhatsApp-Image-2020-06-23-at-21.19.36.jpeg","contentUrl":"https:\/\/www.fitness-factory-pforzheim.de\/wp-content\/uploads\/2020\/06\/WhatsApp-Image-2020-06-23-at-21.19.36.jpeg"},{"@type":"BreadcrumbList","@id":"https:\/\/www.fitness-factory-pforzheim.de\/abnehmen-und-figur\/#breadcrumb","itemListElement":[{"@type":"ListItem","position":1,"name":"Startseite","item":"https:\/\/www.fitness-factory-pforzheim.de\/"},{"@type":"ListItem","position":2,"name":"Abnehmen &#038; Figur"}]},{"@type":"WebSite","@id":"https:\/\/www.fitness-factory-pforzheim.de\/#website","url":"https:\/\/www.fitness-factory-pforzheim.de\/","name":"Fitness in Pforzheim - Fitness Factory Pforzheim","description":"","publisher":{"@id":"https:\/\/www.fitness-factory-pforzheim.de\/#organization"},"potentialAction":[{"@type":"SearchAction","target":{"@type":"EntryPoint","urlTemplate":"https:\/\/www.fitness-factory-pforzheim.de\/?s={search_term_string}"},"query-input":{"@type":"PropertyValueSpecification","valueRequired":true,"valueName":"search_term_string"}}],"inLanguage":"en-US"},{"@type":"Organization","@id":"https:\/\/www.fitness-factory-pforzheim.de\/#organization","name":"Fitness Factory Pforzheim","url":"https:\/\/www.fitness-factory-pforzheim.de\/","logo":{"@type":"ImageObject","inLanguage":"en-US","@id":"https:\/\/www.fitness-factory-pforzheim.de\/#\/schema\/logo\/image\/","url":"https:\/\/www.fitness-factory-pforzheim.de\/wp-content\/uploads\/2022\/06\/Fitness-Factory-Pforzheim-Logo-Neu.png","contentUrl":"https:\/\/www.fitness-factory-pforzheim.de\/wp-content\/uploads\/2022\/06\/Fitness-Factory-Pforzheim-Logo-Neu.png","width":1080,"height":1080,"caption":"Fitness Factory Pforzheim"},"image":{"@id":"https:\/\/www.fitness-factory-pforzheim.de\/#\/schema\/logo\/image\/"},"sameAs":["https:\/\/www.facebook.com\/fitnessfactorypforzheim\/","https:\/\/instagram.com\/fitnessfactorypforzheim?igshid=YmMyMTA2M2Y"]}]}},"jetpack_sharing_enabled":true,"_links":{"self":[{"href":"https:\/\/www.fitness-factory-pforzheim.de\/en\/wp-json\/wp\/v2\/pages\/1474","targetHints":{"allow":["GET"]}}],"collection":[{"href":"https:\/\/www.fitness-factory-pforzheim.de\/en\/wp-json\/wp\/v2\/pages"}],"about":[{"href":"https:\/\/www.fitness-factory-pforzheim.de\/en\/wp-json\/wp\/v2\/types\/page"}],"author":[{"embeddable":true,"href":"https:\/\/www.fitness-factory-pforzheim.de\/en\/wp-json\/wp\/v2\/users\/1"}],"replies":[{"embeddable":true,"href":"https:\/\/www.fitness-factory-pforzheim.de\/en\/wp-json\/wp\/v2\/comments?post=1474"}],"version-history":[{"count":0,"href":"https:\/\/www.fitness-factory-pforzheim.de\/en\/wp-json\/wp\/v2\/pages\/1474\/revisions"}],"wp:attachment":[{"href":"https:\/\/www.fitness-factory-pforzheim.de\/en\/wp-json\/wp\/v2\/media?parent=1474"}],"curies":[{"name":"wp","href":"https:\/\/api.w.org\/{rel}","templated":true}]}}