{"id":1492,"date":"2020-06-23T21:25:57","date_gmt":"2020-06-23T19:25:57","guid":{"rendered":"https:\/\/www.fitness-factory-pforzheim.de\/?page_id=1492"},"modified":"2025-11-07T18:35:27","modified_gmt":"2025-11-07T17:35:27","slug":"muskeln-und-kraft","status":"publish","type":"page","link":"https:\/\/www.fitness-factory-pforzheim.de\/en\/muskeln-und-kraft\/","title":{"rendered":"Muskeln &#038; Kraft"},"content":{"rendered":"<div data-elementor-type=\"wp-page\" data-elementor-id=\"1492\" class=\"elementor elementor-1492\" data-elementor-post-type=\"page\">\n\t\t\t\t<div data-particle_enable=\"false\" data-particle-mobile-disabled=\"false\" class=\"elementor-element elementor-element-d75a24e e-flex e-con-boxed e-con e-parent\" data-id=\"d75a24e\" data-element_type=\"container\" data-e-type=\"container\" data-settings=\"{&quot;jet_parallax_layout_list&quot;:[]}\">\n\t\t\t\t\t<div class=\"e-con-inner\">\n\t\t<div data-particle_enable=\"false\" data-particle-mobile-disabled=\"false\" class=\"elementor-element elementor-element-9575d5a e-con-full e-flex e-con e-child\" data-id=\"9575d5a\" data-element_type=\"container\" data-e-type=\"container\" data-settings=\"{&quot;jet_parallax_layout_list&quot;:[]}\">\n\t\t\t\t<div class=\"elementor-element elementor-element-e2a566e elementor-position-top elementor-widget elementor-widget-image-box\" data-id=\"e2a566e\" data-element_type=\"widget\" data-e-type=\"widget\" data-widget_type=\"image-box.default\">\n\t\t\t\t<div class=\"elementor-widget-container\">\n\t\t\t\t\t<div class=\"elementor-image-box-wrapper\"><figure class=\"elementor-image-box-img\"><img fetchpriority=\"high\" decoding=\"async\" width=\"1600\" height=\"1066\" src=\"https:\/\/www.fitness-factory-pforzheim.de\/wp-content\/uploads\/2022\/10\/Geraetetraining-Fitness-Factory.jpg\" class=\"attachment-full size-full wp-image-9175\" alt=\"Beinpresse-Trainingsger\u00e4t in einem Fitnessstudio: Silbernes Ger\u00e4t mit gepolsterter Beinauflage und Griffen; im Hintergrund stehen Hanteln und andere Ger\u00e4te.\" srcset=\"https:\/\/www.fitness-factory-pforzheim.de\/wp-content\/uploads\/2022\/10\/Geraetetraining-Fitness-Factory.jpg 1600w, https:\/\/www.fitness-factory-pforzheim.de\/wp-content\/uploads\/2022\/10\/Geraetetraining-Fitness-Factory-300x200.jpg 300w, https:\/\/www.fitness-factory-pforzheim.de\/wp-content\/uploads\/2022\/10\/Geraetetraining-Fitness-Factory-1024x682.jpg 1024w, https:\/\/www.fitness-factory-pforzheim.de\/wp-content\/uploads\/2022\/10\/Geraetetraining-Fitness-Factory-768x512.jpg 768w, https:\/\/www.fitness-factory-pforzheim.de\/wp-content\/uploads\/2022\/10\/Geraetetraining-Fitness-Factory-391x260.jpg 391w, https:\/\/www.fitness-factory-pforzheim.de\/wp-content\/uploads\/2022\/10\/Geraetetraining-Fitness-Factory-1536x1023.jpg 1536w, https:\/\/www.fitness-factory-pforzheim.de\/wp-content\/uploads\/2022\/10\/Geraetetraining-Fitness-Factory-18x12.jpg 18w\" sizes=\"(max-width: 1600px) 100vw, 1600px\" \/><\/figure><div class=\"elementor-image-box-content\"><h3 class=\"elementor-image-box-title\">Ger\u00e4tetraining<\/h3><p class=\"elementor-image-box-description\">Durch gezieltes Krafttraining wird deine Muskulatur aktiv trainiert und aufgebaut. Bei minimalem Zeitaufwand maximale Ziele erreichen!\n\nIn unserem gro\u00dfz\u00fcgigen Studio steht dir professionelles Trainingsequipment f\u00fcr so gut wie jeden Muskel zur Verf\u00fcgung. Wie\u2019s geht, zeigen dir unsere erfahrenen Trainer.<\/p><\/div><\/div>\t\t\t\t<\/div>\n\t\t\t\t<\/div>\n\t\t\t\t<div class=\"elementor-element elementor-element-a3f3bd6 elementor-align-center elementor-widget elementor-widget-button\" data-id=\"a3f3bd6\" data-element_type=\"widget\" data-e-type=\"widget\" data-widget_type=\"button.default\">\n\t\t\t\t<div class=\"elementor-widget-container\">\n\t\t\t\t\t\t\t\t\t<div class=\"elementor-button-wrapper\">\n\t\t\t\t\t<a class=\"elementor-button elementor-button-link elementor-size-sm elementor-animation-shrink\" href=\"https:\/\/www.fitness-factory-pforzheim.de\/en\/ueber-uns\/#kontakt\">\n\t\t\t\t\t\t<span class=\"elementor-button-content-wrapper\">\n\t\t\t\t\t\t\t\t\t<span class=\"elementor-button-text\">Jetzt anfragen<\/span>\n\t\t\t\t\t<\/span>\n\t\t\t\t\t<\/a>\n\t\t\t\t<\/div>\n\t\t\t\t\t\t\t\t<\/div>\n\t\t\t\t<\/div>\n\t\t\t\t<\/div>\n\t\t<div data-particle_enable=\"false\" data-particle-mobile-disabled=\"false\" class=\"elementor-element elementor-element-260ab92 e-con-full e-flex e-con e-child\" data-id=\"260ab92\" data-element_type=\"container\" data-e-type=\"container\" data-settings=\"{&quot;jet_parallax_layout_list&quot;:[]}\">\n\t\t\t\t<div class=\"elementor-element elementor-element-e74357f elementor-position-top elementor-widget elementor-widget-image-box\" data-id=\"e74357f\" data-element_type=\"widget\" data-e-type=\"widget\" data-widget_type=\"image-box.default\">\n\t\t\t\t<div class=\"elementor-widget-container\">\n\t\t\t\t\t<div class=\"elementor-image-box-wrapper\"><figure class=\"elementor-image-box-img\"><img decoding=\"async\" width=\"1280\" height=\"853\" src=\"https:\/\/www.fitness-factory-pforzheim.de\/wp-content\/uploads\/2020\/06\/Design-ohne-Titel-3.png\" class=\"attachment-full size-full wp-image-2412\" alt=\"Frau in Sportkleidung sitzt an einem modernen Milon-Trainingsger\u00e4t und zieht an den Griffen; ein Trainer steht dahinter; geometrische Wand im Hintergrund.\" srcset=\"https:\/\/www.fitness-factory-pforzheim.de\/wp-content\/uploads\/2020\/06\/Design-ohne-Titel-3.png 1280w, https:\/\/www.fitness-factory-pforzheim.de\/wp-content\/uploads\/2020\/06\/Design-ohne-Titel-3-600x400.png 600w, https:\/\/www.fitness-factory-pforzheim.de\/wp-content\/uploads\/2020\/06\/Design-ohne-Titel-3-300x200.png 300w, https:\/\/www.fitness-factory-pforzheim.de\/wp-content\/uploads\/2020\/06\/Design-ohne-Titel-3-1024x682.png 1024w, https:\/\/www.fitness-factory-pforzheim.de\/wp-content\/uploads\/2020\/06\/Design-ohne-Titel-3-768x512.png 768w, https:\/\/www.fitness-factory-pforzheim.de\/wp-content\/uploads\/2020\/06\/Design-ohne-Titel-3-391x260.png 391w\" sizes=\"(max-width: 1280px) 100vw, 1280px\" \/><\/figure><div class=\"elementor-image-box-content\"><h3 class=\"elementor-image-box-title\">Milon Zirkeltraining<\/h3><p class=\"elementor-image-box-description\">Vom gesundheitsorientierten Grundlagentraining \u00fcber das gezielte Krafttraining und das intensive Cardio-Training bis hin zum Maximalkraft-Training \u2013 milon bietet mit seinen verschiedenen milon Zirkeln ein Training f\u00fcr alle Anspr\u00fcche und jedes Leistungsniveau.\n\nIn unseren Zirkeln trainierst du Kraft und Ausdauer nach neuesten sportwissenschaftlichen Erkenntnissen und das so einfach, sicher und effektiv wie m\u00f6glich.<\/p><\/div><\/div>\t\t\t\t<\/div>\n\t\t\t\t<\/div>\n\t\t\t\t<div class=\"elementor-element elementor-element-6b8d988 elementor-align-center elementor-widget elementor-widget-button\" data-id=\"6b8d988\" data-element_type=\"widget\" data-e-type=\"widget\" data-widget_type=\"button.default\">\n\t\t\t\t<div class=\"elementor-widget-container\">\n\t\t\t\t\t\t\t\t\t<div class=\"elementor-button-wrapper\">\n\t\t\t\t\t<a class=\"elementor-button elementor-button-link elementor-size-sm elementor-animation-shrink\" href=\"https:\/\/www.fitness-factory-pforzheim.de\/en\/milon\/\">\n\t\t\t\t\t\t<span class=\"elementor-button-content-wrapper\">\n\t\t\t\t\t\t\t\t\t<span class=\"elementor-button-text\">Zum Milon Zirkel<\/span>\n\t\t\t\t\t<\/span>\n\t\t\t\t\t<\/a>\n\t\t\t\t<\/div>\n\t\t\t\t\t\t\t\t<\/div>\n\t\t\t\t<\/div>\n\t\t\t\t<\/div>\n\t\t<div data-particle_enable=\"false\" data-particle-mobile-disabled=\"false\" class=\"elementor-element elementor-element-99ae2ff e-con-full e-flex e-con e-child\" data-id=\"99ae2ff\" data-element_type=\"container\" data-e-type=\"container\" data-settings=\"{&quot;jet_parallax_layout_list&quot;:[]}\">\n\t\t\t\t<div class=\"elementor-element elementor-element-826708e elementor-position-top elementor-widget elementor-widget-image-box\" data-id=\"826708e\" data-element_type=\"widget\" data-e-type=\"widget\" data-widget_type=\"image-box.default\">\n\t\t\t\t<div class=\"elementor-widget-container\">\n\t\t\t\t\t<div class=\"elementor-image-box-wrapper\"><figure class=\"elementor-image-box-img\"><img decoding=\"async\" width=\"1600\" height=\"1066\" src=\"https:\/\/www.fitness-factory-pforzheim.de\/wp-content\/uploads\/2022\/10\/Crosstower-Functional-Training.jpg\" class=\"attachment-full size-full wp-image-9176\" alt=\"Gro\u00dfer Crosstower im Functional-Training-Bereich des Fitnessstudios mit Hantelstation, Kettlebells, Turnringen und roten \u00d6lf\u00e4ssern; im Hintergrund stehen weitere Ger\u00e4te.\" srcset=\"https:\/\/www.fitness-factory-pforzheim.de\/wp-content\/uploads\/2022\/10\/Crosstower-Functional-Training.jpg 1600w, https:\/\/www.fitness-factory-pforzheim.de\/wp-content\/uploads\/2022\/10\/Crosstower-Functional-Training-300x200.jpg 300w, https:\/\/www.fitness-factory-pforzheim.de\/wp-content\/uploads\/2022\/10\/Crosstower-Functional-Training-1024x682.jpg 1024w, https:\/\/www.fitness-factory-pforzheim.de\/wp-content\/uploads\/2022\/10\/Crosstower-Functional-Training-768x512.jpg 768w, https:\/\/www.fitness-factory-pforzheim.de\/wp-content\/uploads\/2022\/10\/Crosstower-Functional-Training-391x260.jpg 391w, https:\/\/www.fitness-factory-pforzheim.de\/wp-content\/uploads\/2022\/10\/Crosstower-Functional-Training-1536x1023.jpg 1536w, https:\/\/www.fitness-factory-pforzheim.de\/wp-content\/uploads\/2022\/10\/Crosstower-Functional-Training-18x12.jpg 18w\" sizes=\"(max-width: 1600px) 100vw, 1600px\" \/><\/figure><div class=\"elementor-image-box-content\"><h3 class=\"elementor-image-box-title\">Functional Training<\/h3><p class=\"elementor-image-box-description\">Lerne die neue Dimension des Fitnesstrainings kennen! Functional Training gilt aktuell als die effektivste Trainingsform mit h\u00f6chstem Motivationsfaktor.\n\nUnsere neu geschaffene Area ist f\u00fcr alle Trendsetter, die Power und Spa\u00df vereinen. Ein intensives Training, das alles aus dir rausholt.<\/p><\/div><\/div>\t\t\t\t<\/div>\n\t\t\t\t<\/div>\n\t\t\t\t<div class=\"elementor-element elementor-element-cb4c871 elementor-align-center elementor-widget elementor-widget-button\" data-id=\"cb4c871\" data-element_type=\"widget\" data-e-type=\"widget\" data-widget_type=\"button.default\">\n\t\t\t\t<div class=\"elementor-widget-container\">\n\t\t\t\t\t\t\t\t\t<div class=\"elementor-button-wrapper\">\n\t\t\t\t\t<a class=\"elementor-button elementor-button-link elementor-size-sm elementor-animation-shrink\" href=\"https:\/\/www.fitness-factory-pforzheim.de\/en\/functional-training\/\">\n\t\t\t\t\t\t<span class=\"elementor-button-content-wrapper\">\n\t\t\t\t\t\t\t\t\t<span class=\"elementor-button-text\">Mehr infos<\/span>\n\t\t\t\t\t<\/span>\n\t\t\t\t\t<\/a>\n\t\t\t\t<\/div>\n\t\t\t\t\t\t\t\t<\/div>\n\t\t\t\t<\/div>\n\t\t\t\t<\/div>\n\t\t\t\t\t<\/div>\n\t\t\t\t<\/div>\n\t\t\t\t<\/div>","protected":false},"excerpt":{"rendered":"<p>Ger\u00e4tetraining Durch gezieltes Krafttraining wird deine Muskulatur aktiv trainiert und aufgebaut. Bei minimalem Zeitaufwand maximale Ziele erreichen! In unserem gro\u00dfz\u00fcgigen Studio steht dir professionelles Trainingsequipment f\u00fcr so gut wie jeden Muskel zur Verf\u00fcgung. Wie\u2019s geht, zeigen dir unsere erfahrenen Trainer. Jetzt anfragen Milon Zirkeltraining Vom gesundheitsorientierten Grundlagentraining \u00fcber das gezielte Krafttraining und das intensive Cardio-Training [&hellip;]<\/p>\n","protected":false},"author":1,"featured_media":0,"parent":0,"menu_order":0,"comment_status":"closed","ping_status":"closed","template":"","meta":{"footnotes":""},"class_list":["post-1492","page","type-page","status-publish","hentry"],"yoast_head":"<!-- This site is optimized with the Yoast SEO plugin v27.5 - https:\/\/yoast.com\/product\/yoast-seo-wordpress\/ -->\n<title>Muskelaufbau &amp; Krafttraining \u2013 Fitness Factory Pforzheim<\/title>\n<meta name=\"description\" content=\"Baue Muskeln auf und werde st\u00e4rker mit modernem Krafttraining in der Fitness Factory Pforzheim. F\u00fcr Einsteiger &amp; Fortgeschrittene!\" \/>\n<meta name=\"robots\" content=\"index, follow, max-snippet:-1, max-image-preview:large, max-video-preview:-1\" \/>\n<link rel=\"canonical\" href=\"https:\/\/www.fitness-factory-pforzheim.de\/en\/muskeln-und-kraft\/\" \/>\n<meta property=\"og:locale\" content=\"en_US\" \/>\n<meta property=\"og:type\" content=\"article\" \/>\n<meta property=\"og:title\" content=\"Muskelaufbau &amp; Krafttraining \u2013 Fitness Factory Pforzheim\" \/>\n<meta property=\"og:description\" content=\"Baue Muskeln auf und werde st\u00e4rker mit modernem Krafttraining in der Fitness Factory Pforzheim. F\u00fcr Einsteiger &amp; Fortgeschrittene!\" \/>\n<meta property=\"og:url\" content=\"https:\/\/www.fitness-factory-pforzheim.de\/en\/muskeln-und-kraft\/\" \/>\n<meta property=\"og:site_name\" content=\"Fitness in Pforzheim - Fitness Factory Pforzheim\" \/>\n<meta property=\"article:publisher\" content=\"https:\/\/www.facebook.com\/fitnessfactorypforzheim\/\" \/>\n<meta property=\"article:modified_time\" content=\"2025-11-07T17:35:27+00:00\" \/>\n<meta property=\"og:image\" content=\"https:\/\/www.fitness-factory-pforzheim.de\/wp-content\/uploads\/2022\/10\/Geraetetraining-Fitness-Factory.jpg\" \/>\n<meta name=\"twitter:card\" content=\"summary_large_image\" \/>\n<meta name=\"twitter:label1\" content=\"Est. reading time\" \/>\n\t<meta name=\"twitter:data1\" content=\"2 minutes\" \/>\n<script type=\"application\/ld+json\" class=\"yoast-schema-graph\">{\"@context\":\"https:\\\/\\\/schema.org\",\"@graph\":[{\"@type\":\"WebPage\",\"@id\":\"https:\\\/\\\/www.fitness-factory-pforzheim.de\\\/muskeln-und-kraft\\\/\",\"url\":\"https:\\\/\\\/www.fitness-factory-pforzheim.de\\\/muskeln-und-kraft\\\/\",\"name\":\"Muskelaufbau & Krafttraining \u2013 Fitness Factory Pforzheim\",\"isPartOf\":{\"@id\":\"https:\\\/\\\/www.fitness-factory-pforzheim.de\\\/#website\"},\"primaryImageOfPage\":{\"@id\":\"https:\\\/\\\/www.fitness-factory-pforzheim.de\\\/muskeln-und-kraft\\\/#primaryimage\"},\"image\":{\"@id\":\"https:\\\/\\\/www.fitness-factory-pforzheim.de\\\/muskeln-und-kraft\\\/#primaryimage\"},\"thumbnailUrl\":\"https:\\\/\\\/www.fitness-factory-pforzheim.de\\\/wp-content\\\/uploads\\\/2022\\\/10\\\/Geraetetraining-Fitness-Factory.jpg\",\"datePublished\":\"2020-06-23T19:25:57+00:00\",\"dateModified\":\"2025-11-07T17:35:27+00:00\",\"description\":\"Baue Muskeln auf und werde st\u00e4rker mit modernem Krafttraining in der Fitness Factory Pforzheim. F\u00fcr Einsteiger & Fortgeschrittene!\",\"breadcrumb\":{\"@id\":\"https:\\\/\\\/www.fitness-factory-pforzheim.de\\\/muskeln-und-kraft\\\/#breadcrumb\"},\"inLanguage\":\"en-US\",\"potentialAction\":[{\"@type\":\"ReadAction\",\"target\":[\"https:\\\/\\\/www.fitness-factory-pforzheim.de\\\/muskeln-und-kraft\\\/\"]}]},{\"@type\":\"ImageObject\",\"inLanguage\":\"en-US\",\"@id\":\"https:\\\/\\\/www.fitness-factory-pforzheim.de\\\/muskeln-und-kraft\\\/#primaryimage\",\"url\":\"https:\\\/\\\/www.fitness-factory-pforzheim.de\\\/wp-content\\\/uploads\\\/2022\\\/10\\\/Geraetetraining-Fitness-Factory.jpg\",\"contentUrl\":\"https:\\\/\\\/www.fitness-factory-pforzheim.de\\\/wp-content\\\/uploads\\\/2022\\\/10\\\/Geraetetraining-Fitness-Factory.jpg\"},{\"@type\":\"BreadcrumbList\",\"@id\":\"https:\\\/\\\/www.fitness-factory-pforzheim.de\\\/muskeln-und-kraft\\\/#breadcrumb\",\"itemListElement\":[{\"@type\":\"ListItem\",\"position\":1,\"name\":\"Startseite\",\"item\":\"https:\\\/\\\/www.fitness-factory-pforzheim.de\\\/\"},{\"@type\":\"ListItem\",\"position\":2,\"name\":\"Muskeln &#038; Kraft\"}]},{\"@type\":\"WebSite\",\"@id\":\"https:\\\/\\\/www.fitness-factory-pforzheim.de\\\/#website\",\"url\":\"https:\\\/\\\/www.fitness-factory-pforzheim.de\\\/\",\"name\":\"Fitness in Pforzheim - Fitness Factory Pforzheim\",\"description\":\"\",\"publisher\":{\"@id\":\"https:\\\/\\\/www.fitness-factory-pforzheim.de\\\/#organization\"},\"potentialAction\":[{\"@type\":\"SearchAction\",\"target\":{\"@type\":\"EntryPoint\",\"urlTemplate\":\"https:\\\/\\\/www.fitness-factory-pforzheim.de\\\/?s={search_term_string}\"},\"query-input\":{\"@type\":\"PropertyValueSpecification\",\"valueRequired\":true,\"valueName\":\"search_term_string\"}}],\"inLanguage\":\"en-US\"},{\"@type\":\"Organization\",\"@id\":\"https:\\\/\\\/www.fitness-factory-pforzheim.de\\\/#organization\",\"name\":\"Fitness Factory Pforzheim\",\"url\":\"https:\\\/\\\/www.fitness-factory-pforzheim.de\\\/\",\"logo\":{\"@type\":\"ImageObject\",\"inLanguage\":\"en-US\",\"@id\":\"https:\\\/\\\/www.fitness-factory-pforzheim.de\\\/#\\\/schema\\\/logo\\\/image\\\/\",\"url\":\"https:\\\/\\\/www.fitness-factory-pforzheim.de\\\/wp-content\\\/uploads\\\/2022\\\/06\\\/Fitness-Factory-Pforzheim-Logo-Neu.png\",\"contentUrl\":\"https:\\\/\\\/www.fitness-factory-pforzheim.de\\\/wp-content\\\/uploads\\\/2022\\\/06\\\/Fitness-Factory-Pforzheim-Logo-Neu.png\",\"width\":1080,\"height\":1080,\"caption\":\"Fitness Factory Pforzheim\"},\"image\":{\"@id\":\"https:\\\/\\\/www.fitness-factory-pforzheim.de\\\/#\\\/schema\\\/logo\\\/image\\\/\"},\"sameAs\":[\"https:\\\/\\\/www.facebook.com\\\/fitnessfactorypforzheim\\\/\",\"https:\\\/\\\/instagram.com\\\/fitnessfactorypforzheim?igshid=YmMyMTA2M2Y\"]}]}<\/script>\n<!-- \/ Yoast SEO plugin. -->","yoast_head_json":{"title":"Muskelaufbau & Krafttraining \u2013 Fitness Factory Pforzheim","description":"Baue Muskeln auf und werde st\u00e4rker mit modernem Krafttraining in der Fitness Factory Pforzheim. F\u00fcr Einsteiger & Fortgeschrittene!","robots":{"index":"index","follow":"follow","max-snippet":"max-snippet:-1","max-image-preview":"max-image-preview:large","max-video-preview":"max-video-preview:-1"},"canonical":"https:\/\/www.fitness-factory-pforzheim.de\/en\/muskeln-und-kraft\/","og_locale":"en_US","og_type":"article","og_title":"Muskelaufbau & Krafttraining \u2013 Fitness Factory Pforzheim","og_description":"Baue Muskeln auf und werde st\u00e4rker mit modernem Krafttraining in der Fitness Factory Pforzheim. F\u00fcr Einsteiger & Fortgeschrittene!","og_url":"https:\/\/www.fitness-factory-pforzheim.de\/en\/muskeln-und-kraft\/","og_site_name":"Fitness in Pforzheim - Fitness Factory Pforzheim","article_publisher":"https:\/\/www.facebook.com\/fitnessfactorypforzheim\/","article_modified_time":"2025-11-07T17:35:27+00:00","og_image":[{"url":"https:\/\/www.fitness-factory-pforzheim.de\/wp-content\/uploads\/2022\/10\/Geraetetraining-Fitness-Factory.jpg","type":"","width":"","height":""}],"twitter_card":"summary_large_image","twitter_misc":{"Est. reading time":"2 minutes"},"schema":{"@context":"https:\/\/schema.org","@graph":[{"@type":"WebPage","@id":"https:\/\/www.fitness-factory-pforzheim.de\/muskeln-und-kraft\/","url":"https:\/\/www.fitness-factory-pforzheim.de\/muskeln-und-kraft\/","name":"Muskelaufbau & Krafttraining \u2013 Fitness Factory Pforzheim","isPartOf":{"@id":"https:\/\/www.fitness-factory-pforzheim.de\/#website"},"primaryImageOfPage":{"@id":"https:\/\/www.fitness-factory-pforzheim.de\/muskeln-und-kraft\/#primaryimage"},"image":{"@id":"https:\/\/www.fitness-factory-pforzheim.de\/muskeln-und-kraft\/#primaryimage"},"thumbnailUrl":"https:\/\/www.fitness-factory-pforzheim.de\/wp-content\/uploads\/2022\/10\/Geraetetraining-Fitness-Factory.jpg","datePublished":"2020-06-23T19:25:57+00:00","dateModified":"2025-11-07T17:35:27+00:00","description":"Baue Muskeln auf und werde st\u00e4rker mit modernem Krafttraining in der Fitness Factory Pforzheim. F\u00fcr Einsteiger & Fortgeschrittene!","breadcrumb":{"@id":"https:\/\/www.fitness-factory-pforzheim.de\/muskeln-und-kraft\/#breadcrumb"},"inLanguage":"en-US","potentialAction":[{"@type":"ReadAction","target":["https:\/\/www.fitness-factory-pforzheim.de\/muskeln-und-kraft\/"]}]},{"@type":"ImageObject","inLanguage":"en-US","@id":"https:\/\/www.fitness-factory-pforzheim.de\/muskeln-und-kraft\/#primaryimage","url":"https:\/\/www.fitness-factory-pforzheim.de\/wp-content\/uploads\/2022\/10\/Geraetetraining-Fitness-Factory.jpg","contentUrl":"https:\/\/www.fitness-factory-pforzheim.de\/wp-content\/uploads\/2022\/10\/Geraetetraining-Fitness-Factory.jpg"},{"@type":"BreadcrumbList","@id":"https:\/\/www.fitness-factory-pforzheim.de\/muskeln-und-kraft\/#breadcrumb","itemListElement":[{"@type":"ListItem","position":1,"name":"Startseite","item":"https:\/\/www.fitness-factory-pforzheim.de\/"},{"@type":"ListItem","position":2,"name":"Muskeln &#038; Kraft"}]},{"@type":"WebSite","@id":"https:\/\/www.fitness-factory-pforzheim.de\/#website","url":"https:\/\/www.fitness-factory-pforzheim.de\/","name":"Fitness in Pforzheim - Fitness Factory Pforzheim","description":"","publisher":{"@id":"https:\/\/www.fitness-factory-pforzheim.de\/#organization"},"potentialAction":[{"@type":"SearchAction","target":{"@type":"EntryPoint","urlTemplate":"https:\/\/www.fitness-factory-pforzheim.de\/?s={search_term_string}"},"query-input":{"@type":"PropertyValueSpecification","valueRequired":true,"valueName":"search_term_string"}}],"inLanguage":"en-US"},{"@type":"Organization","@id":"https:\/\/www.fitness-factory-pforzheim.de\/#organization","name":"Fitness Factory Pforzheim","url":"https:\/\/www.fitness-factory-pforzheim.de\/","logo":{"@type":"ImageObject","inLanguage":"en-US","@id":"https:\/\/www.fitness-factory-pforzheim.de\/#\/schema\/logo\/image\/","url":"https:\/\/www.fitness-factory-pforzheim.de\/wp-content\/uploads\/2022\/06\/Fitness-Factory-Pforzheim-Logo-Neu.png","contentUrl":"https:\/\/www.fitness-factory-pforzheim.de\/wp-content\/uploads\/2022\/06\/Fitness-Factory-Pforzheim-Logo-Neu.png","width":1080,"height":1080,"caption":"Fitness Factory Pforzheim"},"image":{"@id":"https:\/\/www.fitness-factory-pforzheim.de\/#\/schema\/logo\/image\/"},"sameAs":["https:\/\/www.facebook.com\/fitnessfactorypforzheim\/","https:\/\/instagram.com\/fitnessfactorypforzheim?igshid=YmMyMTA2M2Y"]}]}},"jetpack_sharing_enabled":true,"_links":{"self":[{"href":"https:\/\/www.fitness-factory-pforzheim.de\/en\/wp-json\/wp\/v2\/pages\/1492","targetHints":{"allow":["GET"]}}],"collection":[{"href":"https:\/\/www.fitness-factory-pforzheim.de\/en\/wp-json\/wp\/v2\/pages"}],"about":[{"href":"https:\/\/www.fitness-factory-pforzheim.de\/en\/wp-json\/wp\/v2\/types\/page"}],"author":[{"embeddable":true,"href":"https:\/\/www.fitness-factory-pforzheim.de\/en\/wp-json\/wp\/v2\/users\/1"}],"replies":[{"embeddable":true,"href":"https:\/\/www.fitness-factory-pforzheim.de\/en\/wp-json\/wp\/v2\/comments?post=1492"}],"version-history":[{"count":0,"href":"https:\/\/www.fitness-factory-pforzheim.de\/en\/wp-json\/wp\/v2\/pages\/1492\/revisions"}],"wp:attachment":[{"href":"https:\/\/www.fitness-factory-pforzheim.de\/en\/wp-json\/wp\/v2\/media?parent=1492"}],"curies":[{"name":"wp","href":"https:\/\/api.w.org\/{rel}","templated":true}]}}