{"id":7578,"date":"2022-07-22T22:51:02","date_gmt":"2022-07-22T20:51:02","guid":{"rendered":"https:\/\/www.fitness-factory-pforzheim.de\/?page_id=7578"},"modified":"2023-05-02T13:03:35","modified_gmt":"2023-05-02T11:03:35","slug":"thank-you-page-premium","status":"publish","type":"page","link":"https:\/\/www.fitness-factory-pforzheim.de\/en\/thank-you-page-premium\/","title":{"rendered":"Thank You Page Premium"},"content":{"rendered":"<div data-elementor-type=\"wp-page\" data-elementor-id=\"7578\" class=\"elementor elementor-7578\" data-elementor-post-type=\"page\">\n\t\t\t\t\t\t<section data-particle_enable=\"false\" data-particle-mobile-disabled=\"false\" class=\"elementor-section elementor-top-section elementor-element elementor-element-b019600 elementor-section-boxed elementor-section-height-default elementor-section-height-default\" data-id=\"b019600\" data-element_type=\"section\" data-e-type=\"section\" data-settings=\"{&quot;jet_parallax_layout_list&quot;:[]}\">\n\t\t\t\t\t\t<div class=\"elementor-container elementor-column-gap-default\">\n\t\t\t\t\t<div class=\"elementor-column elementor-col-100 elementor-top-column elementor-element elementor-element-a966f18\" data-id=\"a966f18\" data-element_type=\"column\" data-e-type=\"column\">\n\t\t\t<div class=\"elementor-widget-wrap elementor-element-populated\">\n\t\t\t\t\t\t<div class=\"elementor-element elementor-element-2aa98fc elementor-widget elementor-widget-heading\" data-id=\"2aa98fc\" data-element_type=\"widget\" data-e-type=\"widget\" data-widget_type=\"heading.default\">\n\t\t\t\t<div class=\"elementor-widget-container\">\n\t\t\t\t\t<h2 class=\"elementor-heading-title elementor-size-default\">Deine Mitgliedschaft - Premium<\/h2>\t\t\t\t<\/div>\n\t\t\t\t<\/div>\n\t\t\t\t\t<\/div>\n\t\t<\/div>\n\t\t\t\t\t<\/div>\n\t\t<\/section>\n\t\t\t\t<section data-particle_enable=\"false\" data-particle-mobile-disabled=\"false\" class=\"elementor-section elementor-top-section elementor-element elementor-element-73ac132 elementor-section-boxed elementor-section-height-default elementor-section-height-default\" data-id=\"73ac132\" data-element_type=\"section\" data-e-type=\"section\" data-settings=\"{&quot;jet_parallax_layout_list&quot;:[]}\">\n\t\t\t\t\t\t<div class=\"elementor-container elementor-column-gap-default\">\n\t\t\t\t\t<div class=\"elementor-column elementor-col-100 elementor-top-column elementor-element elementor-element-c148932\" data-id=\"c148932\" data-element_type=\"column\" data-e-type=\"column\">\n\t\t\t<div class=\"elementor-widget-wrap elementor-element-populated\">\n\t\t\t\t\t\t<div class=\"elementor-element elementor-element-faa8d26 elementor-widget elementor-widget-heading\" data-id=\"faa8d26\" data-element_type=\"widget\" data-e-type=\"widget\" data-widget_type=\"heading.default\">\n\t\t\t\t<div class=\"elementor-widget-container\">\n\t\t\t\t\t<h2 class=\"elementor-heading-title elementor-size-default\">Vielen Dank f\u00fcr den Abschluss deiner Online Mitgliedschaft in deiner Fitness Factory Pforzheim.<\/h2>\t\t\t\t<\/div>\n\t\t\t\t<\/div>\n\t\t\t\t<div class=\"elementor-element elementor-element-af9cd50 elementor-widget-divider--view-line elementor-widget elementor-widget-divider\" data-id=\"af9cd50\" data-element_type=\"widget\" data-e-type=\"widget\" data-widget_type=\"divider.default\">\n\t\t\t\t<div class=\"elementor-widget-container\">\n\t\t\t\t\t\t\t<div class=\"elementor-divider\">\n\t\t\t<span class=\"elementor-divider-separator\">\n\t\t\t\t\t\t<\/span>\n\t\t<\/div>\n\t\t\t\t\t\t<\/div>\n\t\t\t\t<\/div>\n\t\t\t\t\t<\/div>\n\t\t<\/div>\n\t\t\t\t\t<\/div>\n\t\t<\/section>\n\t\t\t\t<section data-particle_enable=\"false\" data-particle-mobile-disabled=\"false\" class=\"elementor-section elementor-top-section elementor-element elementor-element-fe52b5b elementor-section-boxed elementor-section-height-default elementor-section-height-default\" data-id=\"fe52b5b\" data-element_type=\"section\" data-e-type=\"section\" data-settings=\"{&quot;jet_parallax_layout_list&quot;:[]}\">\n\t\t\t\t\t\t<div class=\"elementor-container elementor-column-gap-default\">\n\t\t\t\t\t<div class=\"elementor-column elementor-col-50 elementor-top-column elementor-element elementor-element-a09caa3\" data-id=\"a09caa3\" data-element_type=\"column\" data-e-type=\"column\">\n\t\t\t<div class=\"elementor-widget-wrap elementor-element-populated\">\n\t\t\t\t\t\t<div class=\"elementor-element elementor-element-711af9d elementor-widget elementor-widget-heading\" data-id=\"711af9d\" data-element_type=\"widget\" data-e-type=\"widget\" data-widget_type=\"heading.default\">\n\t\t\t\t<div class=\"elementor-widget-container\">\n\t\t\t\t\t<h2 class=\"elementor-heading-title elementor-size-default\">Was du bekommst in deiner Premium-Mitgliedschaft:<\/h2>\t\t\t\t<\/div>\n\t\t\t\t<\/div>\n\t\t\t\t<div class=\"elementor-element elementor-element-d1183b5 elementor-widget elementor-widget-text-editor\" data-id=\"d1183b5\" data-element_type=\"widget\" data-e-type=\"widget\" data-widget_type=\"text-editor.default\">\n\t\t\t\t<div class=\"elementor-widget-container\">\n\t\t\t\t\t\t\t\t\t<ul><li>Ger\u00e4tetraining<\/li><li>milon Zirkeltraining<\/li><li>Galileo Vibrationstraining<\/li><li>Functional Cross Tower Training<\/li><li>TRX Schlingentraining<\/li><li>Alle Gruppenkurse (auch Reha)<\/li><li>Wellnessbereich<\/li><li>4x Personal Training j\u00e4hrl.\u00a0<\/li><\/ul>\t\t\t\t\t\t\t\t<\/div>\n\t\t\t\t<\/div>\n\t\t\t\t\t<\/div>\n\t\t<\/div>\n\t\t\t\t<div class=\"elementor-column elementor-col-50 elementor-top-column elementor-element elementor-element-bf8d321\" data-id=\"bf8d321\" data-element_type=\"column\" data-e-type=\"column\">\n\t\t\t<div class=\"elementor-widget-wrap elementor-element-populated\">\n\t\t\t\t\t\t<div class=\"elementor-element elementor-element-8478cf7 elementor-widget elementor-widget-image\" data-id=\"8478cf7\" data-element_type=\"widget\" data-e-type=\"widget\" data-widget_type=\"image.default\">\n\t\t\t\t<div class=\"elementor-widget-container\">\n\t\t\t\t\t\t\t\t\t\t\t\t\t\t\t<img fetchpriority=\"high\" decoding=\"async\" width=\"800\" height=\"534\" src=\"https:\/\/www.fitness-factory-pforzheim.de\/wp-content\/uploads\/2020\/07\/sportswoman-sportswear-training-gym-1024x683.jpg\" class=\"attachment-large size-large wp-image-4831\" alt=\"Junge Frau mit Kopfh\u00f6rern l\u00e4uft auf einem Laufband im Fitnessstudio; sie tr\u00e4gt ein schwarzes Sporttop und blickt nach vorn, w\u00e4hrend weitere Laufb\u00e4nder im Hintergrund zu sehen sind.\" srcset=\"https:\/\/www.fitness-factory-pforzheim.de\/wp-content\/uploads\/2020\/07\/sportswoman-sportswear-training-gym-1024x683.jpg 1024w, https:\/\/www.fitness-factory-pforzheim.de\/wp-content\/uploads\/2020\/07\/sportswoman-sportswear-training-gym-scaled-600x400.jpg 600w, https:\/\/www.fitness-factory-pforzheim.de\/wp-content\/uploads\/2020\/07\/sportswoman-sportswear-training-gym-300x200.jpg 300w, https:\/\/www.fitness-factory-pforzheim.de\/wp-content\/uploads\/2020\/07\/sportswoman-sportswear-training-gym-768x512.jpg 768w, https:\/\/www.fitness-factory-pforzheim.de\/wp-content\/uploads\/2020\/07\/sportswoman-sportswear-training-gym-391x260.jpg 391w, https:\/\/www.fitness-factory-pforzheim.de\/wp-content\/uploads\/2020\/07\/sportswoman-sportswear-training-gym-1536x1024.jpg 1536w, https:\/\/www.fitness-factory-pforzheim.de\/wp-content\/uploads\/2020\/07\/sportswoman-sportswear-training-gym-2048x1365.jpg 2048w\" sizes=\"(max-width: 800px) 100vw, 800px\" \/>\t\t\t\t\t\t\t\t\t\t\t\t\t\t\t<\/div>\n\t\t\t\t<\/div>\n\t\t\t\t\t<\/div>\n\t\t<\/div>\n\t\t\t\t\t<\/div>\n\t\t<\/section>\n\t\t\t\t<section data-particle_enable=\"false\" data-particle-mobile-disabled=\"false\" class=\"elementor-section elementor-top-section elementor-element elementor-element-f2686f1 elementor-section-boxed elementor-section-height-default elementor-section-height-default\" data-id=\"f2686f1\" data-element_type=\"section\" data-e-type=\"section\" data-settings=\"{&quot;jet_parallax_layout_list&quot;:[]}\">\n\t\t\t\t\t\t<div class=\"elementor-container elementor-column-gap-default\">\n\t\t\t\t\t<div class=\"elementor-column elementor-col-100 elementor-top-column elementor-element elementor-element-3508b67\" data-id=\"3508b67\" data-element_type=\"column\" data-e-type=\"column\">\n\t\t\t<div class=\"elementor-widget-wrap elementor-element-populated\">\n\t\t\t\t\t\t<div class=\"elementor-element elementor-element-15d2b7f elementor-widget-divider--view-line elementor-widget elementor-widget-divider\" data-id=\"15d2b7f\" data-element_type=\"widget\" data-e-type=\"widget\" data-widget_type=\"divider.default\">\n\t\t\t\t<div class=\"elementor-widget-container\">\n\t\t\t\t\t\t\t<div class=\"elementor-divider\">\n\t\t\t<span class=\"elementor-divider-separator\">\n\t\t\t\t\t\t<\/span>\n\t\t<\/div>\n\t\t\t\t\t\t<\/div>\n\t\t\t\t<\/div>\n\t\t\t\t<div class=\"elementor-element elementor-element-86f33bc elementor-widget elementor-widget-heading\" data-id=\"86f33bc\" data-element_type=\"widget\" data-e-type=\"widget\" data-widget_type=\"heading.default\">\n\t\t\t\t<div class=\"elementor-widget-container\">\n\t\t\t\t\t<h2 class=\"elementor-heading-title elementor-size-default\">Wir melden uns umgehend bei dir, um die weiteren Schritte zu besprechen und dir nochmals eine Best\u00e4tigung zukommen zu lassen.<\/h2>\t\t\t\t<\/div>\n\t\t\t\t<\/div>\n\t\t\t\t\t<\/div>\n\t\t<\/div>\n\t\t\t\t\t<\/div>\n\t\t<\/section>\n\t\t\t\t<\/div>","protected":false},"excerpt":{"rendered":"<p>Deine Mitgliedschaft &#8211; Premium Vielen Dank f\u00fcr den Abschluss deiner Online Mitgliedschaft in deiner Fitness Factory Pforzheim. Was du bekommst in deiner Premium-Mitgliedschaft: Ger\u00e4tetraining milon Zirkeltraining Galileo Vibrationstraining Functional Cross Tower Training TRX Schlingentraining Alle Gruppenkurse (auch Reha) Wellnessbereich 4x Personal Training j\u00e4hrl.\u00a0 Wir melden uns umgehend bei dir, um die weiteren Schritte zu besprechen [&hellip;]<\/p>\n","protected":false},"author":1,"featured_media":0,"parent":0,"menu_order":0,"comment_status":"closed","ping_status":"closed","template":"","meta":{"footnotes":""},"class_list":["post-7578","page","type-page","status-publish","hentry"],"yoast_head":"<!-- This site is optimized with the Yoast SEO plugin v27.5 - https:\/\/yoast.com\/product\/yoast-seo-wordpress\/ -->\n<title>Thank You Page Premium - Fitness in Pforzheim - Fitness Factory Pforzheim<\/title>\n<meta name=\"robots\" content=\"noindex, nofollow\" \/>\n<meta property=\"og:locale\" content=\"en_US\" \/>\n<meta property=\"og:type\" content=\"article\" \/>\n<meta property=\"og:title\" content=\"Thank You Page Premium - Fitness in Pforzheim - Fitness Factory Pforzheim\" \/>\n<meta property=\"og:description\" content=\"Deine Mitgliedschaft &#8211; Premium Vielen Dank f\u00fcr den Abschluss deiner Online Mitgliedschaft in deiner Fitness Factory Pforzheim. Was du bekommst in deiner Premium-Mitgliedschaft: Ger\u00e4tetraining milon Zirkeltraining Galileo Vibrationstraining Functional Cross Tower Training TRX Schlingentraining Alle Gruppenkurse (auch Reha) Wellnessbereich 4x Personal Training j\u00e4hrl.\u00a0 Wir melden uns umgehend bei dir, um die weiteren Schritte zu besprechen [&hellip;]\" \/>\n<meta property=\"og:url\" content=\"https:\/\/www.fitness-factory-pforzheim.de\/en\/thank-you-page-premium\/\" \/>\n<meta property=\"og:site_name\" content=\"Fitness in Pforzheim - Fitness Factory Pforzheim\" \/>\n<meta property=\"article:publisher\" content=\"https:\/\/www.facebook.com\/fitnessfactorypforzheim\/\" \/>\n<meta property=\"article:modified_time\" content=\"2023-05-02T11:03:35+00:00\" \/>\n<meta property=\"og:image\" content=\"https:\/\/www.fitness-factory-pforzheim.de\/wp-content\/uploads\/2020\/07\/sportswoman-sportswear-training-gym-1024x683.jpg\" \/>\n<meta name=\"twitter:card\" content=\"summary_large_image\" \/>\n<meta name=\"twitter:label1\" content=\"Est. reading time\" \/>\n\t<meta name=\"twitter:data1\" content=\"1 minute\" \/>\n<script type=\"application\/ld+json\" class=\"yoast-schema-graph\">{\"@context\":\"https:\\\/\\\/schema.org\",\"@graph\":[{\"@type\":\"WebPage\",\"@id\":\"https:\\\/\\\/www.fitness-factory-pforzheim.de\\\/thank-you-page-premium\\\/\",\"url\":\"https:\\\/\\\/www.fitness-factory-pforzheim.de\\\/thank-you-page-premium\\\/\",\"name\":\"Thank You Page Premium - Fitness in Pforzheim - Fitness Factory Pforzheim\",\"isPartOf\":{\"@id\":\"https:\\\/\\\/www.fitness-factory-pforzheim.de\\\/#website\"},\"primaryImageOfPage\":{\"@id\":\"https:\\\/\\\/www.fitness-factory-pforzheim.de\\\/thank-you-page-premium\\\/#primaryimage\"},\"image\":{\"@id\":\"https:\\\/\\\/www.fitness-factory-pforzheim.de\\\/thank-you-page-premium\\\/#primaryimage\"},\"thumbnailUrl\":\"https:\\\/\\\/www.fitness-factory-pforzheim.de\\\/wp-content\\\/uploads\\\/2020\\\/07\\\/sportswoman-sportswear-training-gym-1024x683.jpg\",\"datePublished\":\"2022-07-22T20:51:02+00:00\",\"dateModified\":\"2023-05-02T11:03:35+00:00\",\"breadcrumb\":{\"@id\":\"https:\\\/\\\/www.fitness-factory-pforzheim.de\\\/thank-you-page-premium\\\/#breadcrumb\"},\"inLanguage\":\"en-US\",\"potentialAction\":[{\"@type\":\"ReadAction\",\"target\":[\"https:\\\/\\\/www.fitness-factory-pforzheim.de\\\/thank-you-page-premium\\\/\"]}]},{\"@type\":\"ImageObject\",\"inLanguage\":\"en-US\",\"@id\":\"https:\\\/\\\/www.fitness-factory-pforzheim.de\\\/thank-you-page-premium\\\/#primaryimage\",\"url\":\"https:\\\/\\\/www.fitness-factory-pforzheim.de\\\/wp-content\\\/uploads\\\/2020\\\/07\\\/sportswoman-sportswear-training-gym-1024x683.jpg\",\"contentUrl\":\"https:\\\/\\\/www.fitness-factory-pforzheim.de\\\/wp-content\\\/uploads\\\/2020\\\/07\\\/sportswoman-sportswear-training-gym-1024x683.jpg\"},{\"@type\":\"BreadcrumbList\",\"@id\":\"https:\\\/\\\/www.fitness-factory-pforzheim.de\\\/thank-you-page-premium\\\/#breadcrumb\",\"itemListElement\":[{\"@type\":\"ListItem\",\"position\":1,\"name\":\"Startseite\",\"item\":\"https:\\\/\\\/www.fitness-factory-pforzheim.de\\\/\"},{\"@type\":\"ListItem\",\"position\":2,\"name\":\"Thank You Page Premium\"}]},{\"@type\":\"WebSite\",\"@id\":\"https:\\\/\\\/www.fitness-factory-pforzheim.de\\\/#website\",\"url\":\"https:\\\/\\\/www.fitness-factory-pforzheim.de\\\/\",\"name\":\"Fitness in Pforzheim - Fitness Factory Pforzheim\",\"description\":\"\",\"publisher\":{\"@id\":\"https:\\\/\\\/www.fitness-factory-pforzheim.de\\\/#organization\"},\"potentialAction\":[{\"@type\":\"SearchAction\",\"target\":{\"@type\":\"EntryPoint\",\"urlTemplate\":\"https:\\\/\\\/www.fitness-factory-pforzheim.de\\\/?s={search_term_string}\"},\"query-input\":{\"@type\":\"PropertyValueSpecification\",\"valueRequired\":true,\"valueName\":\"search_term_string\"}}],\"inLanguage\":\"en-US\"},{\"@type\":\"Organization\",\"@id\":\"https:\\\/\\\/www.fitness-factory-pforzheim.de\\\/#organization\",\"name\":\"Fitness Factory Pforzheim\",\"url\":\"https:\\\/\\\/www.fitness-factory-pforzheim.de\\\/\",\"logo\":{\"@type\":\"ImageObject\",\"inLanguage\":\"en-US\",\"@id\":\"https:\\\/\\\/www.fitness-factory-pforzheim.de\\\/#\\\/schema\\\/logo\\\/image\\\/\",\"url\":\"https:\\\/\\\/www.fitness-factory-pforzheim.de\\\/wp-content\\\/uploads\\\/2022\\\/06\\\/Fitness-Factory-Pforzheim-Logo-Neu.png\",\"contentUrl\":\"https:\\\/\\\/www.fitness-factory-pforzheim.de\\\/wp-content\\\/uploads\\\/2022\\\/06\\\/Fitness-Factory-Pforzheim-Logo-Neu.png\",\"width\":1080,\"height\":1080,\"caption\":\"Fitness Factory Pforzheim\"},\"image\":{\"@id\":\"https:\\\/\\\/www.fitness-factory-pforzheim.de\\\/#\\\/schema\\\/logo\\\/image\\\/\"},\"sameAs\":[\"https:\\\/\\\/www.facebook.com\\\/fitnessfactorypforzheim\\\/\",\"https:\\\/\\\/instagram.com\\\/fitnessfactorypforzheim?igshid=YmMyMTA2M2Y\"]}]}<\/script>\n<!-- \/ Yoast SEO plugin. -->","yoast_head_json":{"title":"Thank You Page Premium - Fitness in Pforzheim - Fitness Factory Pforzheim","robots":{"index":"noindex","follow":"nofollow"},"og_locale":"en_US","og_type":"article","og_title":"Thank You Page Premium - Fitness in Pforzheim - Fitness Factory Pforzheim","og_description":"Deine Mitgliedschaft &#8211; Premium Vielen Dank f\u00fcr den Abschluss deiner Online Mitgliedschaft in deiner Fitness Factory Pforzheim. Was du bekommst in deiner Premium-Mitgliedschaft: Ger\u00e4tetraining milon Zirkeltraining Galileo Vibrationstraining Functional Cross Tower Training TRX Schlingentraining Alle Gruppenkurse (auch Reha) Wellnessbereich 4x Personal Training j\u00e4hrl.\u00a0 Wir melden uns umgehend bei dir, um die weiteren Schritte zu besprechen [&hellip;]","og_url":"https:\/\/www.fitness-factory-pforzheim.de\/en\/thank-you-page-premium\/","og_site_name":"Fitness in Pforzheim - Fitness Factory Pforzheim","article_publisher":"https:\/\/www.facebook.com\/fitnessfactorypforzheim\/","article_modified_time":"2023-05-02T11:03:35+00:00","og_image":[{"url":"https:\/\/www.fitness-factory-pforzheim.de\/wp-content\/uploads\/2020\/07\/sportswoman-sportswear-training-gym-1024x683.jpg","type":"","width":"","height":""}],"twitter_card":"summary_large_image","twitter_misc":{"Est. reading time":"1 minute"},"schema":{"@context":"https:\/\/schema.org","@graph":[{"@type":"WebPage","@id":"https:\/\/www.fitness-factory-pforzheim.de\/thank-you-page-premium\/","url":"https:\/\/www.fitness-factory-pforzheim.de\/thank-you-page-premium\/","name":"Thank You Page Premium - Fitness in Pforzheim - Fitness Factory Pforzheim","isPartOf":{"@id":"https:\/\/www.fitness-factory-pforzheim.de\/#website"},"primaryImageOfPage":{"@id":"https:\/\/www.fitness-factory-pforzheim.de\/thank-you-page-premium\/#primaryimage"},"image":{"@id":"https:\/\/www.fitness-factory-pforzheim.de\/thank-you-page-premium\/#primaryimage"},"thumbnailUrl":"https:\/\/www.fitness-factory-pforzheim.de\/wp-content\/uploads\/2020\/07\/sportswoman-sportswear-training-gym-1024x683.jpg","datePublished":"2022-07-22T20:51:02+00:00","dateModified":"2023-05-02T11:03:35+00:00","breadcrumb":{"@id":"https:\/\/www.fitness-factory-pforzheim.de\/thank-you-page-premium\/#breadcrumb"},"inLanguage":"en-US","potentialAction":[{"@type":"ReadAction","target":["https:\/\/www.fitness-factory-pforzheim.de\/thank-you-page-premium\/"]}]},{"@type":"ImageObject","inLanguage":"en-US","@id":"https:\/\/www.fitness-factory-pforzheim.de\/thank-you-page-premium\/#primaryimage","url":"https:\/\/www.fitness-factory-pforzheim.de\/wp-content\/uploads\/2020\/07\/sportswoman-sportswear-training-gym-1024x683.jpg","contentUrl":"https:\/\/www.fitness-factory-pforzheim.de\/wp-content\/uploads\/2020\/07\/sportswoman-sportswear-training-gym-1024x683.jpg"},{"@type":"BreadcrumbList","@id":"https:\/\/www.fitness-factory-pforzheim.de\/thank-you-page-premium\/#breadcrumb","itemListElement":[{"@type":"ListItem","position":1,"name":"Startseite","item":"https:\/\/www.fitness-factory-pforzheim.de\/"},{"@type":"ListItem","position":2,"name":"Thank You Page Premium"}]},{"@type":"WebSite","@id":"https:\/\/www.fitness-factory-pforzheim.de\/#website","url":"https:\/\/www.fitness-factory-pforzheim.de\/","name":"Fitness in Pforzheim - Fitness Factory Pforzheim","description":"","publisher":{"@id":"https:\/\/www.fitness-factory-pforzheim.de\/#organization"},"potentialAction":[{"@type":"SearchAction","target":{"@type":"EntryPoint","urlTemplate":"https:\/\/www.fitness-factory-pforzheim.de\/?s={search_term_string}"},"query-input":{"@type":"PropertyValueSpecification","valueRequired":true,"valueName":"search_term_string"}}],"inLanguage":"en-US"},{"@type":"Organization","@id":"https:\/\/www.fitness-factory-pforzheim.de\/#organization","name":"Fitness Factory Pforzheim","url":"https:\/\/www.fitness-factory-pforzheim.de\/","logo":{"@type":"ImageObject","inLanguage":"en-US","@id":"https:\/\/www.fitness-factory-pforzheim.de\/#\/schema\/logo\/image\/","url":"https:\/\/www.fitness-factory-pforzheim.de\/wp-content\/uploads\/2022\/06\/Fitness-Factory-Pforzheim-Logo-Neu.png","contentUrl":"https:\/\/www.fitness-factory-pforzheim.de\/wp-content\/uploads\/2022\/06\/Fitness-Factory-Pforzheim-Logo-Neu.png","width":1080,"height":1080,"caption":"Fitness Factory Pforzheim"},"image":{"@id":"https:\/\/www.fitness-factory-pforzheim.de\/#\/schema\/logo\/image\/"},"sameAs":["https:\/\/www.facebook.com\/fitnessfactorypforzheim\/","https:\/\/instagram.com\/fitnessfactorypforzheim?igshid=YmMyMTA2M2Y"]}]}},"jetpack_sharing_enabled":true,"_links":{"self":[{"href":"https:\/\/www.fitness-factory-pforzheim.de\/en\/wp-json\/wp\/v2\/pages\/7578","targetHints":{"allow":["GET"]}}],"collection":[{"href":"https:\/\/www.fitness-factory-pforzheim.de\/en\/wp-json\/wp\/v2\/pages"}],"about":[{"href":"https:\/\/www.fitness-factory-pforzheim.de\/en\/wp-json\/wp\/v2\/types\/page"}],"author":[{"embeddable":true,"href":"https:\/\/www.fitness-factory-pforzheim.de\/en\/wp-json\/wp\/v2\/users\/1"}],"replies":[{"embeddable":true,"href":"https:\/\/www.fitness-factory-pforzheim.de\/en\/wp-json\/wp\/v2\/comments?post=7578"}],"version-history":[{"count":0,"href":"https:\/\/www.fitness-factory-pforzheim.de\/en\/wp-json\/wp\/v2\/pages\/7578\/revisions"}],"wp:attachment":[{"href":"https:\/\/www.fitness-factory-pforzheim.de\/en\/wp-json\/wp\/v2\/media?parent=7578"}],"curies":[{"name":"wp","href":"https:\/\/api.w.org\/{rel}","templated":true}]}}